{"id":991,"date":"2020-06-03T07:41:21","date_gmt":"2020-06-03T07:41:21","guid":{"rendered":"http:\/\/x-dogs.eu\/?page_id=991"},"modified":"2025-01-04T09:33:44","modified_gmt":"2025-01-04T09:33:44","slug":"strike","status":"publish","type":"page","link":"https:\/\/x-dogs.eu\/?page_id=991","title":{"rendered":"Strike"},"content":{"rendered":"<h2 style=\"text-align: center;\"><a href=\"https:\/\/x-dogs.eu\/wp-content\/uploads\/2024\/01\/IMG_4844.jpg\"><img loading=\"lazy\" decoding=\"async\" class=\"aligncenter wp-image-1335\" src=\"https:\/\/x-dogs.eu\/wp-content\/uploads\/2024\/01\/IMG_4844-1024x683.jpg\" alt=\"\" width=\"700\" height=\"467\" srcset=\"https:\/\/x-dogs.eu\/wp-content\/uploads\/2024\/01\/IMG_4844-1024x683.jpg 1024w, https:\/\/x-dogs.eu\/wp-content\/uploads\/2024\/01\/IMG_4844-300x200.jpg 300w, https:\/\/x-dogs.eu\/wp-content\/uploads\/2024\/01\/IMG_4844-768x512.jpg 768w, https:\/\/x-dogs.eu\/wp-content\/uploads\/2024\/01\/IMG_4844-1536x1024.jpg 1536w, https:\/\/x-dogs.eu\/wp-content\/uploads\/2024\/01\/IMG_4844-1140x760.jpg 1140w, https:\/\/x-dogs.eu\/wp-content\/uploads\/2024\/01\/IMG_4844.jpg 2048w\" sizes=\"auto, (max-width: 700px) 100vw, 700px\" \/><\/a><\/h2>\n<h2 style=\"text-align: center;\"><strong>Maralinga (AU) no doubt STRIKE<\/strong><\/h2>\n<h4 style=\"text-align: center;\">WKC A4M-23806-13<\/h4>\n<h4 style=\"text-align: center;\">FCI VDH 14\/135R00130<\/h4>\n<h6 style=\"text-align: center;\"><em><a href=\"https:\/\/x-dogs.eu\/?page_id=150\" target=\"_blank\" rel=\"noopener\">Moorlands (SD) MAD MAX<\/a> &nbsp;<\/em><em>x <\/em><em>Redrock (GY) Amy-Lee<\/em><\/h6>\n<h5 style=\"text-align: center;\">* 16.04.2013 &nbsp; &nbsp; &nbsp; Z\u00fcchter\/in: Sigrid Kleinrubatscher<\/h5>\n<h5 style=\"text-align: center;\">Gr\u00f6\u00dfe 57 cm &nbsp; &nbsp; &nbsp;Gewicht 25 kg<\/h5>\n<h4 style=\"text-align: center;\"><strong>Ausbildungskennzeichen:<\/strong><\/h4>\n<h5 style=\"text-align: center;\">HWT (VDH\/FCI), Trialklasse 1 (SSDS), IG WK AP1, Begleithundepr\u00fcfung, Agility 3 large,<br \/>\nStrike ist als Schulhund im Einsatz<\/h5>\n<h4 style=\"text-align: center;\"><b>Gesundheitsuntersuchungen\/Gentests:<\/b><\/h4>\n<h5 style=\"text-align: center;\">&#8211; Dilution-Gen\/D-Locus (Dilute Coat Colour): D\/D Non-dilute<br \/>\n&#8211; SD-Profil o.B.<br \/>\n&#8211; Augenuntersuchung 2015 o.B.<br \/>\n-HD B (Gutachten Dr. A. Koch) und ED\/ OCD, LTV\/L\u00dcW frei<br \/>\n(2014, lt. Tierklinik Ludwigsburg, kein offizielles Gutachten)&nbsp;<\/h5>\n<h5 style=\"text-align: center;\">\u2013 CA (Cerebellar abiotrophy): marker LINGO 3 C\/C negativ und VMP1 C\/C negativ (05.04.2022)<\/h5>\n<p style=\"text-align: center;\"><img loading=\"lazy\" decoding=\"async\" class=\"aligncenter size-large wp-image-1563\" src=\"https:\/\/x-dogs.eu\/wp-content\/uploads\/2024\/02\/img_1241-1024x502.jpeg\" alt=\"\" width=\"960\" height=\"471\" srcset=\"https:\/\/x-dogs.eu\/wp-content\/uploads\/2024\/02\/img_1241-1024x502.jpeg 1024w, https:\/\/x-dogs.eu\/wp-content\/uploads\/2024\/02\/img_1241-300x147.jpeg 300w, https:\/\/x-dogs.eu\/wp-content\/uploads\/2024\/02\/img_1241-768x376.jpeg 768w, https:\/\/x-dogs.eu\/wp-content\/uploads\/2024\/02\/img_1241-1536x752.jpeg 1536w, https:\/\/x-dogs.eu\/wp-content\/uploads\/2024\/02\/img_1241-2048x1003.jpeg 2048w, https:\/\/x-dogs.eu\/wp-content\/uploads\/2024\/02\/img_1241-1140x558.jpeg 1140w\" sizes=\"auto, (max-width: 960px) 100vw, 960px\" \/><\/p>\n<p style=\"text-align: center;\">STRIKE&#8230;NOMEN EST OMEN<br \/>\nMein Strike ist in meinen Augen ein Ausnahmehund und wird es allen, die nach ihm kommen, sehr schwer machen. Er hat immer den gro\u00dfen \u00dcberblick, beh\u00e4lt in allen Situationen einen klaren Kopf und verliert nie die Nerven. Strike ist f\u00fcr alle Arbeiten immer die erste Wahl gewesen und auch jetzt mit 10 Jahren immer noch mein Haupthund. Er konnte sehr gut zwischen Agility und H\u00fcten differenzieren und gibt bzw. gab immer sein Bestes.<br \/>\nSeine gr\u00f6\u00dfte St\u00e4rke ist das Einsammeln von Schafen auf gro\u00dfen Fl\u00e4chen und seine Nervenst\u00e4rke.&nbsp;<\/p>\n<p style=\"text-align: center;\"><strong>Sportliche Erfolge:<\/strong><br \/>\n2014-2022 insgesamt ca. 250 Agility-Starts&nbsp;<br \/>\nVize swhv Verbandsmeister Agility 2016<br \/>\n5. Platz Agility German Classics 2016<br \/>\nGesamtsieger Agility D.O.C. 2019<br \/>\nVize Meister Agility dhv DM 2019<br \/>\nmehrfache Teilnahme an Agility WM\/EO Qualifikationen und der VDH DM<\/p>\n<p><iframe loading=\"lazy\" hcb-fetch-image-from=\"https:\/\/youtu.be\/FJqUHdTPikQ\" title=\"Maralinga no doubt Strike *16.04.2013 working a bigger flock\" width=\"960\" height=\"540\" src=\"https:\/\/www.youtube.com\/embed\/FJqUHdTPikQ?feature=oembed\" frameborder=\"0\" allow=\"accelerometer; autoplay; clipboard-write; encrypted-media; gyroscope; picture-in-picture; web-share\" referrerpolicy=\"strict-origin-when-cross-origin\" allowfullscreen><\/iframe><\/p>\n<p><iframe loading=\"lazy\" hcb-fetch-image-from=\"https:\/\/youtu.be\/29ASfJVoLHU\" title=\"MARALINGA no doubt Strike *16.04.2013\" width=\"960\" height=\"540\" src=\"https:\/\/www.youtube.com\/embed\/29ASfJVoLHU?feature=oembed\" frameborder=\"0\" allow=\"accelerometer; autoplay; clipboard-write; encrypted-media; gyroscope; picture-in-picture; web-share\" referrerpolicy=\"strict-origin-when-cross-origin\" allowfullscreen><\/iframe><\/p>\n<p><iframe loading=\"lazy\" hcb-fetch-image-from=\"https:\/\/youtu.be\/T0ucAUuGumk\" title=\"Strike working a group of 650 sheep\" width=\"960\" height=\"540\" src=\"https:\/\/www.youtube.com\/embed\/T0ucAUuGumk?feature=oembed\" frameborder=\"0\" allow=\"accelerometer; autoplay; clipboard-write; encrypted-media; gyroscope; picture-in-picture; web-share\" referrerpolicy=\"strict-origin-when-cross-origin\" allowfullscreen><\/iframe><\/p>\n<p><img loading=\"lazy\" decoding=\"async\" class=\"aligncenter size-large wp-image-993\" src=\"https:\/\/x-dogs.eu\/wp-content\/uploads\/2020\/06\/6D586DA5-4598-486C-8332-46CCC1BB5B38-1024x682.jpeg\" alt=\"\" width=\"960\" height=\"639\" srcset=\"https:\/\/x-dogs.eu\/wp-content\/uploads\/2020\/06\/6D586DA5-4598-486C-8332-46CCC1BB5B38-1024x682.jpeg 1024w, https:\/\/x-dogs.eu\/wp-content\/uploads\/2020\/06\/6D586DA5-4598-486C-8332-46CCC1BB5B38-300x200.jpeg 300w, https:\/\/x-dogs.eu\/wp-content\/uploads\/2020\/06\/6D586DA5-4598-486C-8332-46CCC1BB5B38-768x512.jpeg 768w\" sizes=\"auto, (max-width: 960px) 100vw, 960px\" \/><\/p>\n<p><img loading=\"lazy\" decoding=\"async\" class=\"aligncenter size-large wp-image-1011\" src=\"https:\/\/x-dogs.eu\/wp-content\/uploads\/2020\/06\/0C633632-F6E4-49D7-B17A-3B2C9A6188AF-703x1024.jpeg\" alt=\"\" width=\"703\" height=\"1024\" srcset=\"https:\/\/x-dogs.eu\/wp-content\/uploads\/2020\/06\/0C633632-F6E4-49D7-B17A-3B2C9A6188AF-703x1024.jpeg 703w, https:\/\/x-dogs.eu\/wp-content\/uploads\/2020\/06\/0C633632-F6E4-49D7-B17A-3B2C9A6188AF-206x300.jpeg 206w, https:\/\/x-dogs.eu\/wp-content\/uploads\/2020\/06\/0C633632-F6E4-49D7-B17A-3B2C9A6188AF-768x1119.jpeg 768w\" sizes=\"auto, (max-width: 703px) 100vw, 703px\" \/><\/p>\n<p>&nbsp;<\/p>\n<p><img loading=\"lazy\" decoding=\"async\" class=\"aligncenter size-large wp-image-1614\" src=\"https:\/\/x-dogs.eu\/wp-content\/uploads\/2024\/06\/Bildschirmfoto-2024-06-18-um-16.08.56-1024x744.png\" alt=\"\" width=\"960\" height=\"698\" srcset=\"https:\/\/x-dogs.eu\/wp-content\/uploads\/2024\/06\/Bildschirmfoto-2024-06-18-um-16.08.56-1024x744.png 1024w, https:\/\/x-dogs.eu\/wp-content\/uploads\/2024\/06\/Bildschirmfoto-2024-06-18-um-16.08.56-300x218.png 300w, https:\/\/x-dogs.eu\/wp-content\/uploads\/2024\/06\/Bildschirmfoto-2024-06-18-um-16.08.56-768x558.png 768w, https:\/\/x-dogs.eu\/wp-content\/uploads\/2024\/06\/Bildschirmfoto-2024-06-18-um-16.08.56-1536x1116.png 1536w, https:\/\/x-dogs.eu\/wp-content\/uploads\/2024\/06\/Bildschirmfoto-2024-06-18-um-16.08.56-1140x828.png 1140w, https:\/\/x-dogs.eu\/wp-content\/uploads\/2024\/06\/Bildschirmfoto-2024-06-18-um-16.08.56.png 1954w\" sizes=\"auto, (max-width: 960px) 100vw, 960px\" \/><\/p>\n<p>&nbsp;<\/p>\n<p>&nbsp;<\/p>\n<p>&nbsp;<\/p>\n","protected":false},"excerpt":{"rendered":"<p>Maralinga (AU) no doubt STRIKE WKC A4M-23806-13 FCI VDH 14\/135R00130 Moorlands (SD) MAD MAX &nbsp;x Redrock (GY) Amy-Lee * 16.04.2013 &nbsp; &nbsp; &nbsp; Z\u00fcchter\/in: Sigrid Kleinrubatscher Gr\u00f6\u00dfe 57 cm &nbsp; &nbsp; &nbsp;Gewicht 25 kg Ausbildungskennzeichen: HWT (VDH\/FCI), Trialklasse 1 (SSDS), IG WK AP1, Begleithundepr\u00fcfung, Agility 3 large, Strike ist als Schulhund im Einsatz Gesundheitsuntersuchungen\/Gentests: &#8211; Dilution-Gen\/D-Locus (Dilute Coat Colour): D\/D Non-dilute &#8211; SD-Profil o.B. &#8211; Augenuntersuchung 2015 o.B. -HD B (Gutachten Dr. A. Koch) und ED\/ OCD, LTV\/L\u00dcW frei (2014, lt. Tierklinik Ludwigsburg, kein offizielles Gutachten)&nbsp; \u2013 CA (Cerebellar abiotrophy): marker LINGO 3 C\/C negativ und VMP1 C\/C negativ (05.04.2022) STRIKE&#8230;NOMEN EST OMEN Mein Strike ist in meinen Augen ein Ausnahmehund und wird es allen, die nach ihm kommen, sehr schwer machen. Er hat immer den gro\u00dfen \u00dcberblick, beh\u00e4lt in allen Situationen einen klaren Kopf und verliert nie die Nerven. Strike ist f\u00fcr alle Arbeiten immer die erste Wahl gewesen und auch jetzt mit 10 Jahren immer noch mein Haupthund. Er konnte sehr gut zwischen Agility und H\u00fcten differenzieren und gibt bzw. gab immer sein Bestes. Seine gr\u00f6\u00dfte St\u00e4rke ist das Einsammeln von Schafen auf gro\u00dfen Fl\u00e4chen und seine Nervenst\u00e4rke.&nbsp; Sportliche Erfolge: 2014-2022 insgesamt ca. 250 Agility-Starts&nbsp; Vize swhv Verbandsmeister Agility 2016 5. Platz Agility German Classics 2016 Gesamtsieger Agility D.O.C. 2019 Vize Meister Agility dhv DM 2019 mehrfache Teilnahme an Agility WM\/EO Qualifikationen und der VDH DM &nbsp; &nbsp; &nbsp; &nbsp;<\/p>\n","protected":false},"author":1,"featured_media":0,"parent":0,"menu_order":0,"comment_status":"closed","ping_status":"closed","template":"","meta":{"ngg_post_thumbnail":0,"footnotes":""},"class_list":["post-991","page","type-page","status-publish","hentry"],"acf":[],"_links":{"self":[{"href":"https:\/\/x-dogs.eu\/index.php?rest_route=\/wp\/v2\/pages\/991","targetHints":{"allow":["GET"]}}],"collection":[{"href":"https:\/\/x-dogs.eu\/index.php?rest_route=\/wp\/v2\/pages"}],"about":[{"href":"https:\/\/x-dogs.eu\/index.php?rest_route=\/wp\/v2\/types\/page"}],"author":[{"embeddable":true,"href":"https:\/\/x-dogs.eu\/index.php?rest_route=\/wp\/v2\/users\/1"}],"replies":[{"embeddable":true,"href":"https:\/\/x-dogs.eu\/index.php?rest_route=%2Fwp%2Fv2%2Fcomments&post=991"}],"version-history":[{"count":33,"href":"https:\/\/x-dogs.eu\/index.php?rest_route=\/wp\/v2\/pages\/991\/revisions"}],"predecessor-version":[{"id":1694,"href":"https:\/\/x-dogs.eu\/index.php?rest_route=\/wp\/v2\/pages\/991\/revisions\/1694"}],"wp:attachment":[{"href":"https:\/\/x-dogs.eu\/index.php?rest_route=%2Fwp%2Fv2%2Fmedia&parent=991"}],"curies":[{"name":"wp","href":"https:\/\/api.w.org\/{rel}","templated":true}]}}