{"id":906,"date":"2020-01-10T11:17:28","date_gmt":"2020-01-10T11:17:28","guid":{"rendered":"http:\/\/x-dogs.eu\/?page_id=906"},"modified":"2025-05-10T21:26:44","modified_gmt":"2025-05-10T21:26:44","slug":"samsaragy","status":"publish","type":"page","link":"https:\/\/x-dogs.eu\/?page_id=906","title":{"rendered":"SAMSARA (GY)"},"content":{"rendered":"<p><img loading=\"lazy\" decoding=\"async\" class=\"aligncenter size-large wp-image-1651\" src=\"https:\/\/x-dogs.eu\/wp-content\/uploads\/2024\/10\/IMG_2494-682x1024.jpeg\" alt=\"\" width=\"682\" height=\"1024\" srcset=\"https:\/\/x-dogs.eu\/wp-content\/uploads\/2024\/10\/IMG_2494-682x1024.jpeg 682w, https:\/\/x-dogs.eu\/wp-content\/uploads\/2024\/10\/IMG_2494-200x300.jpeg 200w, https:\/\/x-dogs.eu\/wp-content\/uploads\/2024\/10\/IMG_2494-768x1153.jpeg 768w, https:\/\/x-dogs.eu\/wp-content\/uploads\/2024\/10\/IMG_2494-1023x1536.jpeg 1023w, https:\/\/x-dogs.eu\/wp-content\/uploads\/2024\/10\/IMG_2494-1365x2048.jpeg 1365w, https:\/\/x-dogs.eu\/wp-content\/uploads\/2024\/10\/IMG_2494-1140x1711.jpeg 1140w, https:\/\/x-dogs.eu\/wp-content\/uploads\/2024\/10\/IMG_2494-scaled.jpeg 1706w\" sizes=\"auto, (max-width: 682px) 100vw, 682px\" \/><\/p>\n<p style=\"text-align: center;\"><strong>UPDATE 10. Mai 2025:<\/strong><\/p>\n<p style=\"text-align: center;\">Die wunderbaren Geschenke von Rosa und Strike sind am 27. April 2025 gelandet.<\/p>\n<p style=\"text-align: center;\">Wir hatten im Ultraschall 3 Fr\u00fcchte gez\u00e4hlt und nun waren es tats\u00e4chlich auch 3 &#x1f970;<br \/>\nRosa macht ihren Job richtig, richtig gut&#8230;die Bilder sprechen glaube ich f\u00fcr sich &#x2764;&#xfe0f;<\/p>\n<p style=\"text-align: center;\">Es sind 2 H\u00fcndinnen und 1 R\u00fcde, alle Black &amp; Tan, wie Rosa und Strike &#x1f60d;<\/p>\n<p style=\"text-align: center;\">Zwei Welpen sind reserviert und einer bleibt nat\u00fcrlich bei uns &#x1f60d;<\/p>\n<p><img loading=\"lazy\" decoding=\"async\" class=\"aligncenter size-large wp-image-1720\" src=\"https:\/\/x-dogs.eu\/wp-content\/uploads\/2025\/05\/IMG_2933-1024x763.jpeg\" alt=\"\" width=\"960\" height=\"715\" srcset=\"https:\/\/x-dogs.eu\/wp-content\/uploads\/2025\/05\/IMG_2933-1024x763.jpeg 1024w, https:\/\/x-dogs.eu\/wp-content\/uploads\/2025\/05\/IMG_2933-300x223.jpeg 300w, https:\/\/x-dogs.eu\/wp-content\/uploads\/2025\/05\/IMG_2933-768x572.jpeg 768w, https:\/\/x-dogs.eu\/wp-content\/uploads\/2025\/05\/IMG_2933-1536x1144.jpeg 1536w, https:\/\/x-dogs.eu\/wp-content\/uploads\/2025\/05\/IMG_2933-2048x1525.jpeg 2048w, https:\/\/x-dogs.eu\/wp-content\/uploads\/2025\/05\/IMG_2933-1140x849.jpeg 1140w\" sizes=\"auto, (max-width: 960px) 100vw, 960px\" \/><\/p>\n<p><img loading=\"lazy\" decoding=\"async\" class=\"aligncenter size-large wp-image-1713\" src=\"https:\/\/x-dogs.eu\/wp-content\/uploads\/2025\/05\/IMG_2208-592x1024.jpeg\" alt=\"\" width=\"592\" height=\"1024\" srcset=\"https:\/\/x-dogs.eu\/wp-content\/uploads\/2025\/05\/IMG_2208-592x1024.jpeg 592w, https:\/\/x-dogs.eu\/wp-content\/uploads\/2025\/05\/IMG_2208-173x300.jpeg 173w, https:\/\/x-dogs.eu\/wp-content\/uploads\/2025\/05\/IMG_2208-768x1328.jpeg 768w, https:\/\/x-dogs.eu\/wp-content\/uploads\/2025\/05\/IMG_2208-888x1536.jpeg 888w, https:\/\/x-dogs.eu\/wp-content\/uploads\/2025\/05\/IMG_2208-1184x2048.jpeg 1184w, https:\/\/x-dogs.eu\/wp-content\/uploads\/2025\/05\/IMG_2208-1140x1972.jpeg 1140w, https:\/\/x-dogs.eu\/wp-content\/uploads\/2025\/05\/IMG_2208-scaled.jpeg 1480w\" sizes=\"auto, (max-width: 592px) 100vw, 592px\" \/><\/p>\n<blockquote><p><img loading=\"lazy\" decoding=\"async\" class=\"aligncenter size-large wp-image-1716\" src=\"https:\/\/x-dogs.eu\/wp-content\/uploads\/2025\/05\/IMG_2600-768x1024.jpeg\" alt=\"\" width=\"768\" height=\"1024\" srcset=\"https:\/\/x-dogs.eu\/wp-content\/uploads\/2025\/05\/IMG_2600-768x1024.jpeg 768w, https:\/\/x-dogs.eu\/wp-content\/uploads\/2025\/05\/IMG_2600-225x300.jpeg 225w, https:\/\/x-dogs.eu\/wp-content\/uploads\/2025\/05\/IMG_2600-1152x1536.jpeg 1152w, https:\/\/x-dogs.eu\/wp-content\/uploads\/2025\/05\/IMG_2600-1536x2048.jpeg 1536w, https:\/\/x-dogs.eu\/wp-content\/uploads\/2025\/05\/IMG_2600-1140x1520.jpeg 1140w, https:\/\/x-dogs.eu\/wp-content\/uploads\/2025\/05\/IMG_2600-scaled.jpeg 1920w\" sizes=\"auto, (max-width: 768px) 100vw, 768px\" \/><\/p><\/blockquote>\n<p><img loading=\"lazy\" decoding=\"async\" class=\"aligncenter size-large wp-image-1717\" src=\"https:\/\/x-dogs.eu\/wp-content\/uploads\/2025\/05\/IMG_2790-721x1024.jpeg\" alt=\"\" width=\"721\" height=\"1024\" srcset=\"https:\/\/x-dogs.eu\/wp-content\/uploads\/2025\/05\/IMG_2790-721x1024.jpeg 721w, https:\/\/x-dogs.eu\/wp-content\/uploads\/2025\/05\/IMG_2790-211x300.jpeg 211w, https:\/\/x-dogs.eu\/wp-content\/uploads\/2025\/05\/IMG_2790-768x1090.jpeg 768w, https:\/\/x-dogs.eu\/wp-content\/uploads\/2025\/05\/IMG_2790-1082x1536.jpeg 1082w, https:\/\/x-dogs.eu\/wp-content\/uploads\/2025\/05\/IMG_2790-1443x2048.jpeg 1443w, https:\/\/x-dogs.eu\/wp-content\/uploads\/2025\/05\/IMG_2790-1140x1618.jpeg 1140w, https:\/\/x-dogs.eu\/wp-content\/uploads\/2025\/05\/IMG_2790-scaled.jpeg 1803w\" sizes=\"auto, (max-width: 721px) 100vw, 721px\" \/><\/p>\n<p><img loading=\"lazy\" decoding=\"async\" class=\"aligncenter size-large wp-image-1723\" src=\"https:\/\/x-dogs.eu\/wp-content\/uploads\/2025\/05\/IMG_3360-768x1024.jpeg\" alt=\"\" width=\"768\" height=\"1024\" srcset=\"https:\/\/x-dogs.eu\/wp-content\/uploads\/2025\/05\/IMG_3360-768x1024.jpeg 768w, https:\/\/x-dogs.eu\/wp-content\/uploads\/2025\/05\/IMG_3360-225x300.jpeg 225w, https:\/\/x-dogs.eu\/wp-content\/uploads\/2025\/05\/IMG_3360-1152x1536.jpeg 1152w, https:\/\/x-dogs.eu\/wp-content\/uploads\/2025\/05\/IMG_3360-1536x2048.jpeg 1536w, https:\/\/x-dogs.eu\/wp-content\/uploads\/2025\/05\/IMG_3360-1140x1520.jpeg 1140w, https:\/\/x-dogs.eu\/wp-content\/uploads\/2025\/05\/IMG_3360-scaled.jpeg 1920w\" sizes=\"auto, (max-width: 768px) 100vw, 768px\" \/><\/p>\n<p><img loading=\"lazy\" decoding=\"async\" class=\"aligncenter size-large wp-image-1718\" src=\"https:\/\/x-dogs.eu\/wp-content\/uploads\/2025\/05\/IMG_2874-768x1024.jpeg\" alt=\"\" width=\"768\" height=\"1024\" srcset=\"https:\/\/x-dogs.eu\/wp-content\/uploads\/2025\/05\/IMG_2874-768x1024.jpeg 768w, https:\/\/x-dogs.eu\/wp-content\/uploads\/2025\/05\/IMG_2874-225x300.jpeg 225w, https:\/\/x-dogs.eu\/wp-content\/uploads\/2025\/05\/IMG_2874-1152x1536.jpeg 1152w, https:\/\/x-dogs.eu\/wp-content\/uploads\/2025\/05\/IMG_2874-1536x2048.jpeg 1536w, https:\/\/x-dogs.eu\/wp-content\/uploads\/2025\/05\/IMG_2874-1140x1520.jpeg 1140w, https:\/\/x-dogs.eu\/wp-content\/uploads\/2025\/05\/IMG_2874-scaled.jpeg 1920w\" sizes=\"auto, (max-width: 768px) 100vw, 768px\" \/><\/p>\n<p>&nbsp;<\/p>\n<p style=\"text-align: center;\"><strong>UPDATE 02\/2025:<\/strong><\/p>\n<p style=\"text-align: center;\">Am 22.\/23.02.2025 wurde Rosa von Strike gedeckt. Jetzt hei\u00dft es Daumen dr\u00fccken und geduldig sein.&nbsp;<\/p>\n<p>&nbsp;<\/p>\n<p style=\"text-align: center;\"><strong>UPDATE 01\/2025:<\/strong><\/p>\n<p style=\"text-align: center;\">Aktuell nehme ich nur noch Anfragen entgegen, die den Welpen ein arbeitsreiches Zuhause, mit regelm\u00e4\u00dfiger Arbeit am Vieh, bieten k\u00f6nnen. &nbsp;<\/p>\n<p>&nbsp;<\/p>\n<p style=\"text-align: center;\"><strong>Wurfplanung 2025<\/strong><\/p>\n<p style=\"text-align: center;\">Nachdem nun alle Gesundheitsuntersuchungen abgeschlossen sind und gut ausfallen, ist im Fr\u00fchjahr 2025 ein Wurf mit Rosa und meinem Strike geplant. Aus dieser Verpaarung werden \u00e4u\u00dferst wesensstarke Working Kelpie Welpen mit einer hohen Passion f\u00fcr die Arbeit am Vieh erwartet.&nbsp;<br \/>\nDie Welpen werden im Working Kelpie Council Australia (WKC) registriert und erhalten keine FCI-Papiere.<\/p>\n<p style=\"text-align: center;\">Eine Beschreibung der Elterntiere kann man auf den jeweiligen Seiten finden:<\/p>\n<blockquote>\n<p style=\"text-align: center;\"><a href=\"https:\/\/x-dogs.eu\/?page_id=991\">&gt;&gt;&gt; Maralinga (AU) no doubt STRIKE&nbsp;<\/a><\/p>\n<p style=\"text-align: center;\"><a href=\"https:\/\/x-dogs.eu\/?page_id=1033\">&gt;&gt;&gt; &nbsp;DILLIGAF (GY) ready ROSA<\/a><\/p>\n<p><a href=\"https:\/\/pedigree.meringa.se\/Pro\/pp_trialmatingpedigree.php?name=trial+mating+1&amp;gender=Female&amp;selectsire=MARALINGA+NO+DOUBT+STRIKE&amp;selectdam=DILLIGAF+READY+ROSA&amp;gens=7&amp;submit=Create+trial+mating\">&gt;&gt;&gt; Online pedigree of the planned litter<\/a><\/p><\/blockquote>\n<p><a href=\"https:\/\/pedigree.meringa.se\/Pro\/pp_trialmatingpedigree.php?name=trial+mating+1&amp;gender=Female&amp;selectsire=MARALINGA+NO+DOUBT+STRIKE&amp;selectdam=DILLIGAF+READY+ROSA&amp;gens=7&amp;submit=Create+trial+mating\"><del><img loading=\"lazy\" decoding=\"async\" class=\"aligncenter size-large wp-image-1664\" src=\"https:\/\/x-dogs.eu\/wp-content\/uploads\/2024\/10\/Bildschirmfoto-2024-07-02-um-14.20.14-1024x660.png\" alt=\"\" width=\"960\" height=\"619\" srcset=\"https:\/\/x-dogs.eu\/wp-content\/uploads\/2024\/10\/Bildschirmfoto-2024-07-02-um-14.20.14-1024x660.png 1024w, https:\/\/x-dogs.eu\/wp-content\/uploads\/2024\/10\/Bildschirmfoto-2024-07-02-um-14.20.14-300x193.png 300w, https:\/\/x-dogs.eu\/wp-content\/uploads\/2024\/10\/Bildschirmfoto-2024-07-02-um-14.20.14-768x495.png 768w, https:\/\/x-dogs.eu\/wp-content\/uploads\/2024\/10\/Bildschirmfoto-2024-07-02-um-14.20.14-1536x990.png 1536w, https:\/\/x-dogs.eu\/wp-content\/uploads\/2024\/10\/Bildschirmfoto-2024-07-02-um-14.20.14-2048x1320.png 2048w, https:\/\/x-dogs.eu\/wp-content\/uploads\/2024\/10\/Bildschirmfoto-2024-07-02-um-14.20.14-1140x735.png 1140w\" sizes=\"auto, (max-width: 960px) 100vw, 960px\" \/><\/del><\/a><\/p>\n<p style=\"text-align: center;\">&nbsp;<\/p>\n","protected":false},"excerpt":{"rendered":"<p>UPDATE 10. Mai 2025: Die wunderbaren Geschenke von Rosa und Strike sind am 27. April 2025 gelandet. Wir hatten im Ultraschall 3 Fr\u00fcchte gez\u00e4hlt und nun waren es tats\u00e4chlich auch 3 &#x1f970; Rosa macht ihren Job richtig, richtig gut&#8230;die Bilder sprechen glaube ich f\u00fcr sich &#x2764;&#xfe0f; Es sind 2 H\u00fcndinnen und 1 R\u00fcde, alle Black &amp; Tan, wie Rosa und Strike &#x1f60d; Zwei Welpen sind reserviert und einer bleibt nat\u00fcrlich bei uns &#x1f60d; &nbsp; UPDATE 02\/2025: Am 22.\/23.02.2025 wurde Rosa von Strike gedeckt. Jetzt hei\u00dft es Daumen dr\u00fccken und geduldig sein.&nbsp; &nbsp; UPDATE 01\/2025: Aktuell nehme ich nur noch Anfragen entgegen, die den Welpen ein arbeitsreiches Zuhause, mit regelm\u00e4\u00dfiger Arbeit am Vieh, bieten k\u00f6nnen. &nbsp; &nbsp; Wurfplanung 2025 Nachdem nun alle Gesundheitsuntersuchungen abgeschlossen sind und gut ausfallen, ist im Fr\u00fchjahr 2025 ein Wurf mit Rosa und meinem Strike geplant. Aus dieser Verpaarung werden \u00e4u\u00dferst wesensstarke Working Kelpie Welpen mit einer hohen Passion f\u00fcr die Arbeit am Vieh erwartet.&nbsp; Die Welpen werden im Working Kelpie Council Australia (WKC) registriert und erhalten keine FCI-Papiere. Eine Beschreibung der Elterntiere kann man auf den jeweiligen Seiten finden: &gt;&gt;&gt; Maralinga (AU) no doubt STRIKE&nbsp; &gt;&gt;&gt; &nbsp;DILLIGAF (GY) ready ROSA &gt;&gt;&gt; Online pedigree of the planned litter &nbsp;<\/p>\n","protected":false},"author":1,"featured_media":0,"parent":0,"menu_order":0,"comment_status":"closed","ping_status":"closed","template":"","meta":{"ngg_post_thumbnail":0,"footnotes":""},"class_list":["post-906","page","type-page","status-publish","hentry"],"acf":[],"_links":{"self":[{"href":"https:\/\/x-dogs.eu\/index.php?rest_route=\/wp\/v2\/pages\/906","targetHints":{"allow":["GET"]}}],"collection":[{"href":"https:\/\/x-dogs.eu\/index.php?rest_route=\/wp\/v2\/pages"}],"about":[{"href":"https:\/\/x-dogs.eu\/index.php?rest_route=\/wp\/v2\/types\/page"}],"author":[{"embeddable":true,"href":"https:\/\/x-dogs.eu\/index.php?rest_route=\/wp\/v2\/users\/1"}],"replies":[{"embeddable":true,"href":"https:\/\/x-dogs.eu\/index.php?rest_route=%2Fwp%2Fv2%2Fcomments&post=906"}],"version-history":[{"count":31,"href":"https:\/\/x-dogs.eu\/index.php?rest_route=\/wp\/v2\/pages\/906\/revisions"}],"predecessor-version":[{"id":980,"href":"https:\/\/x-dogs.eu\/index.php?rest_route=\/wp\/v2\/pages\/906\/revisions\/980"}],"wp:attachment":[{"href":"https:\/\/x-dogs.eu\/index.php?rest_route=%2Fwp%2Fv2%2Fmedia&parent=906"}],"curies":[{"name":"wp","href":"https:\/\/api.w.org\/{rel}","templated":true}]}}