{"id":785,"date":"2019-01-26T07:32:07","date_gmt":"2019-01-26T07:32:07","guid":{"rendered":"http:\/\/x-dogs.eu\/?page_id=785"},"modified":"2024-07-02T16:18:15","modified_gmt":"2024-07-02T16:18:15","slug":"fotografie-2","status":"publish","type":"page","link":"https:\/\/x-dogs.eu\/?page_id=785","title":{"rendered":"Fotografie"},"content":{"rendered":"<h4 style=\"text-align: center;\">Auf dieser Seite finden sich ausschlie\u00dflich von mir angefertigte und bearbeitete Fotografien.<\/h4>\n\n<div class=\"ngg-galleryoverview ngg-slideshow\"\n\tid=\"ngg-slideshow-740b71a16303bd8d50ebe0f7f87dea0b-18999642560\"\n\tdata-gallery-id=\"740b71a16303bd8d50ebe0f7f87dea0b\"\n\tstyle=\"max-width: 1500px;\n\t\t\tmax-height: 600px;\n\t\t\tdisplay: none;\">\n\n\t\n\t\t<a href=\"https:\/\/x-dogs.eu\/wp-content\/gallery\/fotografie\/IMG_8170.JPG\"\n\t\t\ttitle=\"\"\n\t\t\tdata-src=\"https:\/\/x-dogs.eu\/wp-content\/gallery\/fotografie\/IMG_8170.JPG\"\n\t\t\tdata-thumbnail=\"https:\/\/x-dogs.eu\/wp-content\/gallery\/fotografie\/thumbs\/thumbs_IMG_8170.JPG\"\n\t\t\tdata-image-id=\"92\"\n\t\t\tdata-title=\"IMG_8170\"\n\t\t\tdata-description=\"\"\n\t\t\tclass=\"ngg-fancybox\" rel=\"740b71a16303bd8d50ebe0f7f87dea0b\">\n\n\t\t\t<img data-image-id='92'\n\t\t\t\ttitle=\"\"\n\t\t\t\talt=\"IMG_8170\"\n\t\t\t\tsrc=\"https:\/\/x-dogs.eu\/wp-content\/gallery\/fotografie\/IMG_8170.JPG\"\n\t\t\t\tstyle=\"max-height: 580px;\"\/>\n\t\t<\/a>\n\n\t\t\n\t\t<a href=\"https:\/\/x-dogs.eu\/wp-content\/gallery\/fotografie\/DSC01890.JPG\"\n\t\t\ttitle=\"\"\n\t\t\tdata-src=\"https:\/\/x-dogs.eu\/wp-content\/gallery\/fotografie\/DSC01890.JPG\"\n\t\t\tdata-thumbnail=\"https:\/\/x-dogs.eu\/wp-content\/gallery\/fotografie\/thumbs\/thumbs_DSC01890.JPG\"\n\t\t\tdata-image-id=\"2\"\n\t\t\tdata-title=\"DSC01890\"\n\t\t\tdata-description=\"\"\n\t\t\tclass=\"ngg-fancybox\" rel=\"740b71a16303bd8d50ebe0f7f87dea0b\">\n\n\t\t\t<img data-image-id='2'\n\t\t\t\ttitle=\"\"\n\t\t\t\talt=\"DSC01890\"\n\t\t\t\tsrc=\"https:\/\/x-dogs.eu\/wp-content\/gallery\/fotografie\/DSC01890.JPG\"\n\t\t\t\tstyle=\"max-height: 580px;\"\/>\n\t\t<\/a>\n\n\t\t\n\t\t<a href=\"https:\/\/x-dogs.eu\/wp-content\/gallery\/fotografie\/Snapseed-150.JPG\"\n\t\t\ttitle=\"\"\n\t\t\tdata-src=\"https:\/\/x-dogs.eu\/wp-content\/gallery\/fotografie\/Snapseed-150.JPG\"\n\t\t\tdata-thumbnail=\"https:\/\/x-dogs.eu\/wp-content\/gallery\/fotografie\/thumbs\/thumbs_Snapseed-150.JPG\"\n\t\t\tdata-image-id=\"4\"\n\t\t\tdata-title=\"Snapseed-150\"\n\t\t\tdata-description=\"\"\n\t\t\tclass=\"ngg-fancybox\" rel=\"740b71a16303bd8d50ebe0f7f87dea0b\">\n\n\t\t\t<img data-image-id='4'\n\t\t\t\ttitle=\"\"\n\t\t\t\talt=\"Snapseed-150\"\n\t\t\t\tsrc=\"https:\/\/x-dogs.eu\/wp-content\/gallery\/fotografie\/Snapseed-150.JPG\"\n\t\t\t\tstyle=\"max-height: 580px;\"\/>\n\t\t<\/a>\n\n\t\t\n\t\t<a href=\"https:\/\/x-dogs.eu\/wp-content\/gallery\/fotografie\/IMG_2364.JPG\"\n\t\t\ttitle=\"\"\n\t\t\tdata-src=\"https:\/\/x-dogs.eu\/wp-content\/gallery\/fotografie\/IMG_2364.JPG\"\n\t\t\tdata-thumbnail=\"https:\/\/x-dogs.eu\/wp-content\/gallery\/fotografie\/thumbs\/thumbs_IMG_2364.JPG\"\n\t\t\tdata-image-id=\"5\"\n\t\t\tdata-title=\"IMG_2364\"\n\t\t\tdata-description=\"\"\n\t\t\tclass=\"ngg-fancybox\" rel=\"740b71a16303bd8d50ebe0f7f87dea0b\">\n\n\t\t\t<img data-image-id='5'\n\t\t\t\ttitle=\"\"\n\t\t\t\talt=\"IMG_2364\"\n\t\t\t\tsrc=\"https:\/\/x-dogs.eu\/wp-content\/gallery\/fotografie\/IMG_2364.JPG\"\n\t\t\t\tstyle=\"max-height: 580px;\"\/>\n\t\t<\/a>\n\n\t\t\n\t\t<a href=\"https:\/\/x-dogs.eu\/wp-content\/gallery\/fotografie\/cropped-Gross-_91A4092-5.jpeg\"\n\t\t\ttitle=\"\"\n\t\t\tdata-src=\"https:\/\/x-dogs.eu\/wp-content\/gallery\/fotografie\/cropped-Gross-_91A4092-5.jpeg\"\n\t\t\tdata-thumbnail=\"https:\/\/x-dogs.eu\/wp-content\/gallery\/fotografie\/thumbs\/thumbs_cropped-Gross-_91A4092-5.jpeg\"\n\t\t\tdata-image-id=\"7\"\n\t\t\tdata-title=\"cropped-Gross-_91A4092-5\"\n\t\t\tdata-description=\"\"\n\t\t\tclass=\"ngg-fancybox\" rel=\"740b71a16303bd8d50ebe0f7f87dea0b\">\n\n\t\t\t<img data-image-id='7'\n\t\t\t\ttitle=\"\"\n\t\t\t\talt=\"cropped-Gross-_91A4092-5\"\n\t\t\t\tsrc=\"https:\/\/x-dogs.eu\/wp-content\/gallery\/fotografie\/cropped-Gross-_91A4092-5.jpeg\"\n\t\t\t\tstyle=\"max-height: 580px;\"\/>\n\t\t<\/a>\n\n\t\t\n\t\t<a href=\"https:\/\/x-dogs.eu\/wp-content\/gallery\/fotografie\/891A9137.JPG\"\n\t\t\ttitle=\"\"\n\t\t\tdata-src=\"https:\/\/x-dogs.eu\/wp-content\/gallery\/fotografie\/891A9137.JPG\"\n\t\t\tdata-thumbnail=\"https:\/\/x-dogs.eu\/wp-content\/gallery\/fotografie\/thumbs\/thumbs_891A9137.JPG\"\n\t\t\tdata-image-id=\"3\"\n\t\t\tdata-title=\"891A9137\"\n\t\t\tdata-description=\"\"\n\t\t\tclass=\"ngg-fancybox\" rel=\"740b71a16303bd8d50ebe0f7f87dea0b\">\n\n\t\t\t<img data-image-id='3'\n\t\t\t\ttitle=\"\"\n\t\t\t\talt=\"891A9137\"\n\t\t\t\tsrc=\"https:\/\/x-dogs.eu\/wp-content\/gallery\/fotografie\/891A9137.JPG\"\n\t\t\t\tstyle=\"max-height: 580px;\"\/>\n\t\t<\/a>\n\n\t\t\n\t\t<a href=\"https:\/\/x-dogs.eu\/wp-content\/gallery\/fotografie\/IMG_7726.JPG\"\n\t\t\ttitle=\"\"\n\t\t\tdata-src=\"https:\/\/x-dogs.eu\/wp-content\/gallery\/fotografie\/IMG_7726.JPG\"\n\t\t\tdata-thumbnail=\"https:\/\/x-dogs.eu\/wp-content\/gallery\/fotografie\/thumbs\/thumbs_IMG_7726.JPG\"\n\t\t\tdata-image-id=\"74\"\n\t\t\tdata-title=\"IMG_7726\"\n\t\t\tdata-description=\"\"\n\t\t\tclass=\"ngg-fancybox\" rel=\"740b71a16303bd8d50ebe0f7f87dea0b\">\n\n\t\t\t<img data-image-id='74'\n\t\t\t\ttitle=\"\"\n\t\t\t\talt=\"IMG_7726\"\n\t\t\t\tsrc=\"https:\/\/x-dogs.eu\/wp-content\/gallery\/fotografie\/IMG_7726.JPG\"\n\t\t\t\tstyle=\"max-height: 580px;\"\/>\n\t\t<\/a>\n\n\t\t\n\t\t<a href=\"https:\/\/x-dogs.eu\/wp-content\/gallery\/fotografie\/IMG_8151.JPG\"\n\t\t\ttitle=\"\"\n\t\t\tdata-src=\"https:\/\/x-dogs.eu\/wp-content\/gallery\/fotografie\/IMG_8151.JPG\"\n\t\t\tdata-thumbnail=\"https:\/\/x-dogs.eu\/wp-content\/gallery\/fotografie\/thumbs\/thumbs_IMG_8151.JPG\"\n\t\t\tdata-image-id=\"75\"\n\t\t\tdata-title=\"IMG_8151\"\n\t\t\tdata-description=\"\"\n\t\t\tclass=\"ngg-fancybox\" rel=\"740b71a16303bd8d50ebe0f7f87dea0b\">\n\n\t\t\t<img data-image-id='75'\n\t\t\t\ttitle=\"\"\n\t\t\t\talt=\"IMG_8151\"\n\t\t\t\tsrc=\"https:\/\/x-dogs.eu\/wp-content\/gallery\/fotografie\/IMG_8151.JPG\"\n\t\t\t\tstyle=\"max-height: 580px;\"\/>\n\t\t<\/a>\n\n\t\t\n\t\t<a href=\"https:\/\/x-dogs.eu\/wp-content\/gallery\/fotografie\/IMG_8146-2.JPG\"\n\t\t\ttitle=\"\"\n\t\t\tdata-src=\"https:\/\/x-dogs.eu\/wp-content\/gallery\/fotografie\/IMG_8146-2.JPG\"\n\t\t\tdata-thumbnail=\"https:\/\/x-dogs.eu\/wp-content\/gallery\/fotografie\/thumbs\/thumbs_IMG_8146-2.JPG\"\n\t\t\tdata-image-id=\"77\"\n\t\t\tdata-title=\"IMG_8146-2\"\n\t\t\tdata-description=\"\"\n\t\t\tclass=\"ngg-fancybox\" rel=\"740b71a16303bd8d50ebe0f7f87dea0b\">\n\n\t\t\t<img data-image-id='77'\n\t\t\t\ttitle=\"\"\n\t\t\t\talt=\"IMG_8146-2\"\n\t\t\t\tsrc=\"https:\/\/x-dogs.eu\/wp-content\/gallery\/fotografie\/IMG_8146-2.JPG\"\n\t\t\t\tstyle=\"max-height: 580px;\"\/>\n\t\t<\/a>\n\n\t\t\n\t\t<a href=\"https:\/\/x-dogs.eu\/wp-content\/gallery\/fotografie\/IMG_8147.JPG\"\n\t\t\ttitle=\"\"\n\t\t\tdata-src=\"https:\/\/x-dogs.eu\/wp-content\/gallery\/fotografie\/IMG_8147.JPG\"\n\t\t\tdata-thumbnail=\"https:\/\/x-dogs.eu\/wp-content\/gallery\/fotografie\/thumbs\/thumbs_IMG_8147.JPG\"\n\t\t\tdata-image-id=\"78\"\n\t\t\tdata-title=\"IMG_8147\"\n\t\t\tdata-description=\"\"\n\t\t\tclass=\"ngg-fancybox\" rel=\"740b71a16303bd8d50ebe0f7f87dea0b\">\n\n\t\t\t<img data-image-id='78'\n\t\t\t\ttitle=\"\"\n\t\t\t\talt=\"IMG_8147\"\n\t\t\t\tsrc=\"https:\/\/x-dogs.eu\/wp-content\/gallery\/fotografie\/IMG_8147.JPG\"\n\t\t\t\tstyle=\"max-height: 580px;\"\/>\n\t\t<\/a>\n\n\t\t\n\t\t<a href=\"https:\/\/x-dogs.eu\/wp-content\/gallery\/fotografie\/IMG_8152.JPG\"\n\t\t\ttitle=\"\"\n\t\t\tdata-src=\"https:\/\/x-dogs.eu\/wp-content\/gallery\/fotografie\/IMG_8152.JPG\"\n\t\t\tdata-thumbnail=\"https:\/\/x-dogs.eu\/wp-content\/gallery\/fotografie\/thumbs\/thumbs_IMG_8152.JPG\"\n\t\t\tdata-image-id=\"79\"\n\t\t\tdata-title=\"IMG_8152\"\n\t\t\tdata-description=\"\"\n\t\t\tclass=\"ngg-fancybox\" rel=\"740b71a16303bd8d50ebe0f7f87dea0b\">\n\n\t\t\t<img data-image-id='79'\n\t\t\t\ttitle=\"\"\n\t\t\t\talt=\"IMG_8152\"\n\t\t\t\tsrc=\"https:\/\/x-dogs.eu\/wp-content\/gallery\/fotografie\/IMG_8152.JPG\"\n\t\t\t\tstyle=\"max-height: 580px;\"\/>\n\t\t<\/a>\n\n\t\t\n\t\t<a href=\"https:\/\/x-dogs.eu\/wp-content\/gallery\/fotografie\/IMG_8157-2.JPG\"\n\t\t\ttitle=\"\"\n\t\t\tdata-src=\"https:\/\/x-dogs.eu\/wp-content\/gallery\/fotografie\/IMG_8157-2.JPG\"\n\t\t\tdata-thumbnail=\"https:\/\/x-dogs.eu\/wp-content\/gallery\/fotografie\/thumbs\/thumbs_IMG_8157-2.JPG\"\n\t\t\tdata-image-id=\"80\"\n\t\t\tdata-title=\"IMG_8157-2\"\n\t\t\tdata-description=\"\"\n\t\t\tclass=\"ngg-fancybox\" rel=\"740b71a16303bd8d50ebe0f7f87dea0b\">\n\n\t\t\t<img data-image-id='80'\n\t\t\t\ttitle=\"\"\n\t\t\t\talt=\"IMG_8157-2\"\n\t\t\t\tsrc=\"https:\/\/x-dogs.eu\/wp-content\/gallery\/fotografie\/IMG_8157-2.JPG\"\n\t\t\t\tstyle=\"max-height: 580px;\"\/>\n\t\t<\/a>\n\n\t\t\n\t\t<a href=\"https:\/\/x-dogs.eu\/wp-content\/gallery\/fotografie\/IMG_8155.JPG\"\n\t\t\ttitle=\"\"\n\t\t\tdata-src=\"https:\/\/x-dogs.eu\/wp-content\/gallery\/fotografie\/IMG_8155.JPG\"\n\t\t\tdata-thumbnail=\"https:\/\/x-dogs.eu\/wp-content\/gallery\/fotografie\/thumbs\/thumbs_IMG_8155.JPG\"\n\t\t\tdata-image-id=\"81\"\n\t\t\tdata-title=\"IMG_8155\"\n\t\t\tdata-description=\"\"\n\t\t\tclass=\"ngg-fancybox\" rel=\"740b71a16303bd8d50ebe0f7f87dea0b\">\n\n\t\t\t<img data-image-id='81'\n\t\t\t\ttitle=\"\"\n\t\t\t\talt=\"IMG_8155\"\n\t\t\t\tsrc=\"https:\/\/x-dogs.eu\/wp-content\/gallery\/fotografie\/IMG_8155.JPG\"\n\t\t\t\tstyle=\"max-height: 580px;\"\/>\n\t\t<\/a>\n\n\t\t\n\t\t<a href=\"https:\/\/x-dogs.eu\/wp-content\/gallery\/fotografie\/IMG_8159-2.JPG\"\n\t\t\ttitle=\"\"\n\t\t\tdata-src=\"https:\/\/x-dogs.eu\/wp-content\/gallery\/fotografie\/IMG_8159-2.JPG\"\n\t\t\tdata-thumbnail=\"https:\/\/x-dogs.eu\/wp-content\/gallery\/fotografie\/thumbs\/thumbs_IMG_8159-2.JPG\"\n\t\t\tdata-image-id=\"84\"\n\t\t\tdata-title=\"IMG_8159-2\"\n\t\t\tdata-description=\"\"\n\t\t\tclass=\"ngg-fancybox\" rel=\"740b71a16303bd8d50ebe0f7f87dea0b\">\n\n\t\t\t<img data-image-id='84'\n\t\t\t\ttitle=\"\"\n\t\t\t\talt=\"IMG_8159-2\"\n\t\t\t\tsrc=\"https:\/\/x-dogs.eu\/wp-content\/gallery\/fotografie\/IMG_8159-2.JPG\"\n\t\t\t\tstyle=\"max-height: 580px;\"\/>\n\t\t<\/a>\n\n\t\t\n\t\t<a href=\"https:\/\/x-dogs.eu\/wp-content\/gallery\/fotografie\/IMG_8156.JPG\"\n\t\t\ttitle=\"\"\n\t\t\tdata-src=\"https:\/\/x-dogs.eu\/wp-content\/gallery\/fotografie\/IMG_8156.JPG\"\n\t\t\tdata-thumbnail=\"https:\/\/x-dogs.eu\/wp-content\/gallery\/fotografie\/thumbs\/thumbs_IMG_8156.JPG\"\n\t\t\tdata-image-id=\"85\"\n\t\t\tdata-title=\"IMG_8156\"\n\t\t\tdata-description=\"\"\n\t\t\tclass=\"ngg-fancybox\" rel=\"740b71a16303bd8d50ebe0f7f87dea0b\">\n\n\t\t\t<img data-image-id='85'\n\t\t\t\ttitle=\"\"\n\t\t\t\talt=\"IMG_8156\"\n\t\t\t\tsrc=\"https:\/\/x-dogs.eu\/wp-content\/gallery\/fotografie\/IMG_8156.JPG\"\n\t\t\t\tstyle=\"max-height: 580px;\"\/>\n\t\t<\/a>\n\n\t\t\n\t\t<a href=\"https:\/\/x-dogs.eu\/wp-content\/gallery\/fotografie\/IMG_8160.JPG\"\n\t\t\ttitle=\"\"\n\t\t\tdata-src=\"https:\/\/x-dogs.eu\/wp-content\/gallery\/fotografie\/IMG_8160.JPG\"\n\t\t\tdata-thumbnail=\"https:\/\/x-dogs.eu\/wp-content\/gallery\/fotografie\/thumbs\/thumbs_IMG_8160.JPG\"\n\t\t\tdata-image-id=\"86\"\n\t\t\tdata-title=\"IMG_8160\"\n\t\t\tdata-description=\"\"\n\t\t\tclass=\"ngg-fancybox\" rel=\"740b71a16303bd8d50ebe0f7f87dea0b\">\n\n\t\t\t<img data-image-id='86'\n\t\t\t\ttitle=\"\"\n\t\t\t\talt=\"IMG_8160\"\n\t\t\t\tsrc=\"https:\/\/x-dogs.eu\/wp-content\/gallery\/fotografie\/IMG_8160.JPG\"\n\t\t\t\tstyle=\"max-height: 580px;\"\/>\n\t\t<\/a>\n\n\t\t\n\t\t<a href=\"https:\/\/x-dogs.eu\/wp-content\/gallery\/fotografie\/IMG_8161.JPG\"\n\t\t\ttitle=\"\"\n\t\t\tdata-src=\"https:\/\/x-dogs.eu\/wp-content\/gallery\/fotografie\/IMG_8161.JPG\"\n\t\t\tdata-thumbnail=\"https:\/\/x-dogs.eu\/wp-content\/gallery\/fotografie\/thumbs\/thumbs_IMG_8161.JPG\"\n\t\t\tdata-image-id=\"87\"\n\t\t\tdata-title=\"IMG_8161\"\n\t\t\tdata-description=\"\"\n\t\t\tclass=\"ngg-fancybox\" rel=\"740b71a16303bd8d50ebe0f7f87dea0b\">\n\n\t\t\t<img data-image-id='87'\n\t\t\t\ttitle=\"\"\n\t\t\t\talt=\"IMG_8161\"\n\t\t\t\tsrc=\"https:\/\/x-dogs.eu\/wp-content\/gallery\/fotografie\/IMG_8161.JPG\"\n\t\t\t\tstyle=\"max-height: 580px;\"\/>\n\t\t<\/a>\n\n\t\t\n\t\t<a href=\"https:\/\/x-dogs.eu\/wp-content\/gallery\/fotografie\/IMG_8165.JPG\"\n\t\t\ttitle=\"\"\n\t\t\tdata-src=\"https:\/\/x-dogs.eu\/wp-content\/gallery\/fotografie\/IMG_8165.JPG\"\n\t\t\tdata-thumbnail=\"https:\/\/x-dogs.eu\/wp-content\/gallery\/fotografie\/thumbs\/thumbs_IMG_8165.JPG\"\n\t\t\tdata-image-id=\"89\"\n\t\t\tdata-title=\"IMG_8165\"\n\t\t\tdata-description=\"\"\n\t\t\tclass=\"ngg-fancybox\" rel=\"740b71a16303bd8d50ebe0f7f87dea0b\">\n\n\t\t\t<img data-image-id='89'\n\t\t\t\ttitle=\"\"\n\t\t\t\talt=\"IMG_8165\"\n\t\t\t\tsrc=\"https:\/\/x-dogs.eu\/wp-content\/gallery\/fotografie\/IMG_8165.JPG\"\n\t\t\t\tstyle=\"max-height: 580px;\"\/>\n\t\t<\/a>\n\n\t\t\n\t\t<a href=\"https:\/\/x-dogs.eu\/wp-content\/gallery\/fotografie\/IMG_8168.JPG\"\n\t\t\ttitle=\"\"\n\t\t\tdata-src=\"https:\/\/x-dogs.eu\/wp-content\/gallery\/fotografie\/IMG_8168.JPG\"\n\t\t\tdata-thumbnail=\"https:\/\/x-dogs.eu\/wp-content\/gallery\/fotografie\/thumbs\/thumbs_IMG_8168.JPG\"\n\t\t\tdata-image-id=\"91\"\n\t\t\tdata-title=\"IMG_8168\"\n\t\t\tdata-description=\"\"\n\t\t\tclass=\"ngg-fancybox\" rel=\"740b71a16303bd8d50ebe0f7f87dea0b\">\n\n\t\t\t<img data-image-id='91'\n\t\t\t\ttitle=\"\"\n\t\t\t\talt=\"IMG_8168\"\n\t\t\t\tsrc=\"https:\/\/x-dogs.eu\/wp-content\/gallery\/fotografie\/IMG_8168.JPG\"\n\t\t\t\tstyle=\"max-height: 580px;\"\/>\n\t\t<\/a>\n\n\t\t\n\t\t<a href=\"https:\/\/x-dogs.eu\/wp-content\/gallery\/fotografie\/IMG_8172.JPG\"\n\t\t\ttitle=\"\"\n\t\t\tdata-src=\"https:\/\/x-dogs.eu\/wp-content\/gallery\/fotografie\/IMG_8172.JPG\"\n\t\t\tdata-thumbnail=\"https:\/\/x-dogs.eu\/wp-content\/gallery\/fotografie\/thumbs\/thumbs_IMG_8172.JPG\"\n\t\t\tdata-image-id=\"95\"\n\t\t\tdata-title=\"IMG_8172\"\n\t\t\tdata-description=\"\"\n\t\t\tclass=\"ngg-fancybox\" rel=\"740b71a16303bd8d50ebe0f7f87dea0b\">\n\n\t\t\t<img data-image-id='95'\n\t\t\t\ttitle=\"\"\n\t\t\t\talt=\"IMG_8172\"\n\t\t\t\tsrc=\"https:\/\/x-dogs.eu\/wp-content\/gallery\/fotografie\/IMG_8172.JPG\"\n\t\t\t\tstyle=\"max-height: 580px;\"\/>\n\t\t<\/a>\n\n\t\t\n\t\t<a href=\"https:\/\/x-dogs.eu\/wp-content\/gallery\/fotografie\/IMG_8171.JPG\"\n\t\t\ttitle=\"\"\n\t\t\tdata-src=\"https:\/\/x-dogs.eu\/wp-content\/gallery\/fotografie\/IMG_8171.JPG\"\n\t\t\tdata-thumbnail=\"https:\/\/x-dogs.eu\/wp-content\/gallery\/fotografie\/thumbs\/thumbs_IMG_8171.JPG\"\n\t\t\tdata-image-id=\"93\"\n\t\t\tdata-title=\"IMG_8171\"\n\t\t\tdata-description=\"\"\n\t\t\tclass=\"ngg-fancybox\" rel=\"740b71a16303bd8d50ebe0f7f87dea0b\">\n\n\t\t\t<img data-image-id='93'\n\t\t\t\ttitle=\"\"\n\t\t\t\talt=\"IMG_8171\"\n\t\t\t\tsrc=\"https:\/\/x-dogs.eu\/wp-content\/gallery\/fotografie\/IMG_8171.JPG\"\n\t\t\t\tstyle=\"max-height: 580px;\"\/>\n\t\t<\/a>\n\n\t\t\n\t\t<a href=\"https:\/\/x-dogs.eu\/wp-content\/gallery\/fotografie\/IMG_8175.JPG\"\n\t\t\ttitle=\"\"\n\t\t\tdata-src=\"https:\/\/x-dogs.eu\/wp-content\/gallery\/fotografie\/IMG_8175.JPG\"\n\t\t\tdata-thumbnail=\"https:\/\/x-dogs.eu\/wp-content\/gallery\/fotografie\/thumbs\/thumbs_IMG_8175.JPG\"\n\t\t\tdata-image-id=\"94\"\n\t\t\tdata-title=\"IMG_8175\"\n\t\t\tdata-description=\"\"\n\t\t\tclass=\"ngg-fancybox\" rel=\"740b71a16303bd8d50ebe0f7f87dea0b\">\n\n\t\t\t<img data-image-id='94'\n\t\t\t\ttitle=\"\"\n\t\t\t\talt=\"IMG_8175\"\n\t\t\t\tsrc=\"https:\/\/x-dogs.eu\/wp-content\/gallery\/fotografie\/IMG_8175.JPG\"\n\t\t\t\tstyle=\"max-height: 580px;\"\/>\n\t\t<\/a>\n\n\t\t\n\t\t<a href=\"https:\/\/x-dogs.eu\/wp-content\/gallery\/fotografie\/IMG_8178.JPG\"\n\t\t\ttitle=\"\"\n\t\t\tdata-src=\"https:\/\/x-dogs.eu\/wp-content\/gallery\/fotografie\/IMG_8178.JPG\"\n\t\t\tdata-thumbnail=\"https:\/\/x-dogs.eu\/wp-content\/gallery\/fotografie\/thumbs\/thumbs_IMG_8178.JPG\"\n\t\t\tdata-image-id=\"96\"\n\t\t\tdata-title=\"IMG_8178\"\n\t\t\tdata-description=\"\"\n\t\t\tclass=\"ngg-fancybox\" rel=\"740b71a16303bd8d50ebe0f7f87dea0b\">\n\n\t\t\t<img data-image-id='96'\n\t\t\t\ttitle=\"\"\n\t\t\t\talt=\"IMG_8178\"\n\t\t\t\tsrc=\"https:\/\/x-dogs.eu\/wp-content\/gallery\/fotografie\/IMG_8178.JPG\"\n\t\t\t\tstyle=\"max-height: 580px;\"\/>\n\t\t<\/a>\n\n\t\t\n\t\t<a href=\"https:\/\/x-dogs.eu\/wp-content\/gallery\/fotografie\/IMG_8179.JPG\"\n\t\t\ttitle=\"\"\n\t\t\tdata-src=\"https:\/\/x-dogs.eu\/wp-content\/gallery\/fotografie\/IMG_8179.JPG\"\n\t\t\tdata-thumbnail=\"https:\/\/x-dogs.eu\/wp-content\/gallery\/fotografie\/thumbs\/thumbs_IMG_8179.JPG\"\n\t\t\tdata-image-id=\"97\"\n\t\t\tdata-title=\"IMG_8179\"\n\t\t\tdata-description=\"\"\n\t\t\tclass=\"ngg-fancybox\" rel=\"740b71a16303bd8d50ebe0f7f87dea0b\">\n\n\t\t\t<img data-image-id='97'\n\t\t\t\ttitle=\"\"\n\t\t\t\talt=\"IMG_8179\"\n\t\t\t\tsrc=\"https:\/\/x-dogs.eu\/wp-content\/gallery\/fotografie\/IMG_8179.JPG\"\n\t\t\t\tstyle=\"max-height: 580px;\"\/>\n\t\t<\/a>\n\n\t\t\n\t\t<a href=\"https:\/\/x-dogs.eu\/wp-content\/gallery\/fotografie\/IMG_8180.JPG\"\n\t\t\ttitle=\"\"\n\t\t\tdata-src=\"https:\/\/x-dogs.eu\/wp-content\/gallery\/fotografie\/IMG_8180.JPG\"\n\t\t\tdata-thumbnail=\"https:\/\/x-dogs.eu\/wp-content\/gallery\/fotografie\/thumbs\/thumbs_IMG_8180.JPG\"\n\t\t\tdata-image-id=\"98\"\n\t\t\tdata-title=\"IMG_8180\"\n\t\t\tdata-description=\"\"\n\t\t\tclass=\"ngg-fancybox\" rel=\"740b71a16303bd8d50ebe0f7f87dea0b\">\n\n\t\t\t<img data-image-id='98'\n\t\t\t\ttitle=\"\"\n\t\t\t\talt=\"IMG_8180\"\n\t\t\t\tsrc=\"https:\/\/x-dogs.eu\/wp-content\/gallery\/fotografie\/IMG_8180.JPG\"\n\t\t\t\tstyle=\"max-height: 580px;\"\/>\n\t\t<\/a>\n\n\t\t<\/div>\n\n\n\n<h6 style=\"text-align: center;\">An dieser Stelle m\u00f6chte ich nicht vers\u00e4umen auch den Fotografen Chris Dutzi, Ralph Braun, Myriam Kiefer und Nadja Muschalik einen gro\u00dfen Dank auszusprechen. Von ihnen stammen einige wunderbare Bilder meines Rudels, die auf dieser Homepage Verwendung finden.<\/h6>\n","protected":false},"excerpt":{"rendered":"<p>Auf dieser Seite finden sich ausschlie\u00dflich von mir angefertigte und bearbeitete Fotografien. &nbsp; An dieser Stelle m\u00f6chte ich nicht vers\u00e4umen auch den Fotografen Chris Dutzi, Ralph Braun, Myriam Kiefer und Nadja Muschalik einen gro\u00dfen Dank auszusprechen. Von ihnen stammen einige wunderbare Bilder meines Rudels, die auf dieser Homepage Verwendung finden.<\/p>\n","protected":false},"author":1,"featured_media":0,"parent":0,"menu_order":0,"comment_status":"closed","ping_status":"closed","template":"","meta":{"ngg_post_thumbnail":0,"footnotes":""},"class_list":["post-785","page","type-page","status-publish","hentry"],"acf":[],"_links":{"self":[{"href":"https:\/\/x-dogs.eu\/index.php?rest_route=\/wp\/v2\/pages\/785","targetHints":{"allow":["GET"]}}],"collection":[{"href":"https:\/\/x-dogs.eu\/index.php?rest_route=\/wp\/v2\/pages"}],"about":[{"href":"https:\/\/x-dogs.eu\/index.php?rest_route=\/wp\/v2\/types\/page"}],"author":[{"embeddable":true,"href":"https:\/\/x-dogs.eu\/index.php?rest_route=\/wp\/v2\/users\/1"}],"replies":[{"embeddable":true,"href":"https:\/\/x-dogs.eu\/index.php?rest_route=%2Fwp%2Fv2%2Fcomments&post=785"}],"version-history":[{"count":27,"href":"https:\/\/x-dogs.eu\/index.php?rest_route=\/wp\/v2\/pages\/785\/revisions"}],"predecessor-version":[{"id":1625,"href":"https:\/\/x-dogs.eu\/index.php?rest_route=\/wp\/v2\/pages\/785\/revisions\/1625"}],"wp:attachment":[{"href":"https:\/\/x-dogs.eu\/index.php?rest_route=%2Fwp%2Fv2%2Fmedia&parent=785"}],"curies":[{"name":"wp","href":"https:\/\/api.w.org\/{rel}","templated":true}]}}