{"id":637,"date":"2016-12-28T11:46:00","date_gmt":"2016-12-28T11:46:00","guid":{"rendered":"http:\/\/x-dogs.eu\/?page_id=637"},"modified":"2024-01-29T21:07:58","modified_gmt":"2024-01-29T21:07:58","slug":"zu-verkaufen","status":"publish","type":"page","link":"https:\/\/x-dogs.eu\/?page_id=637","title":{"rendered":"zu verkaufen"},"content":{"rendered":"<p style=\"text-align: center;\">Zuchtb\u00f6cke, Bockl\u00e4mmer, Auen und Aul\u00e4mmer aus der Skuddenzucht &#8222;aus dem Wiesental&#8220; (kein Herdbuch)<br \/>\nSchwerpunkt meiner Skuddenzucht liegt auf dem Farbschlag Schwarzwei\u00df gescheckt.<\/p>\n\n<div class=\"ngg-galleryoverview ngg-slideshow\"\n\tid=\"ngg-slideshow-f5d41452b9c77c5935fe20e8b15893fa-10544416360\"\n\tdata-gallery-id=\"f5d41452b9c77c5935fe20e8b15893fa\"\n\tstyle=\"max-width: 900px;\n\t\t\tmax-height: 900px;\n\t\t\tdisplay: none;\">\n\n\t\n\t\t<a href=\"https:\/\/x-dogs.eu\/wp-content\/gallery\/sudden\/91A3916.jpg\"\n\t\t\ttitle=\"\"\n\t\t\tdata-src=\"https:\/\/x-dogs.eu\/wp-content\/gallery\/sudden\/91A3916.jpg\"\n\t\t\tdata-thumbnail=\"https:\/\/x-dogs.eu\/wp-content\/gallery\/sudden\/thumbs\/thumbs_91A3916.jpg\"\n\t\t\tdata-image-id=\"18\"\n\t\t\tdata-title=\"91A3916\"\n\t\t\tdata-description=\"\"\n\t\t\tclass=\"ngg-fancybox\" rel=\"f5d41452b9c77c5935fe20e8b15893fa\">\n\n\t\t\t<img data-image-id='18'\n\t\t\t\ttitle=\"\"\n\t\t\t\talt=\"91A3916\"\n\t\t\t\tsrc=\"https:\/\/x-dogs.eu\/wp-content\/gallery\/sudden\/91A3916.jpg\"\n\t\t\t\tstyle=\"max-height: 880px;\"\/>\n\t\t<\/a>\n\n\t\t\n\t\t<a href=\"https:\/\/x-dogs.eu\/wp-content\/gallery\/sudden\/91A3820.jpg\"\n\t\t\ttitle=\"\"\n\t\t\tdata-src=\"https:\/\/x-dogs.eu\/wp-content\/gallery\/sudden\/91A3820.jpg\"\n\t\t\tdata-thumbnail=\"https:\/\/x-dogs.eu\/wp-content\/gallery\/sudden\/thumbs\/thumbs_91A3820.jpg\"\n\t\t\tdata-image-id=\"19\"\n\t\t\tdata-title=\"91A3820\"\n\t\t\tdata-description=\"\"\n\t\t\tclass=\"ngg-fancybox\" rel=\"f5d41452b9c77c5935fe20e8b15893fa\">\n\n\t\t\t<img data-image-id='19'\n\t\t\t\ttitle=\"\"\n\t\t\t\talt=\"91A3820\"\n\t\t\t\tsrc=\"https:\/\/x-dogs.eu\/wp-content\/gallery\/sudden\/91A3820.jpg\"\n\t\t\t\tstyle=\"max-height: 880px;\"\/>\n\t\t<\/a>\n\n\t\t\n\t\t<a href=\"https:\/\/x-dogs.eu\/wp-content\/gallery\/sudden\/91A3985.jpg\"\n\t\t\ttitle=\"\"\n\t\t\tdata-src=\"https:\/\/x-dogs.eu\/wp-content\/gallery\/sudden\/91A3985.jpg\"\n\t\t\tdata-thumbnail=\"https:\/\/x-dogs.eu\/wp-content\/gallery\/sudden\/thumbs\/thumbs_91A3985.jpg\"\n\t\t\tdata-image-id=\"20\"\n\t\t\tdata-title=\"91A3985\"\n\t\t\tdata-description=\"\"\n\t\t\tclass=\"ngg-fancybox\" rel=\"f5d41452b9c77c5935fe20e8b15893fa\">\n\n\t\t\t<img data-image-id='20'\n\t\t\t\ttitle=\"\"\n\t\t\t\talt=\"91A3985\"\n\t\t\t\tsrc=\"https:\/\/x-dogs.eu\/wp-content\/gallery\/sudden\/91A3985.jpg\"\n\t\t\t\tstyle=\"max-height: 880px;\"\/>\n\t\t<\/a>\n\n\t\t\n\t\t<a href=\"https:\/\/x-dogs.eu\/wp-content\/gallery\/sudden\/IMG_8159.JPG\"\n\t\t\ttitle=\"\"\n\t\t\tdata-src=\"https:\/\/x-dogs.eu\/wp-content\/gallery\/sudden\/IMG_8159.JPG\"\n\t\t\tdata-thumbnail=\"https:\/\/x-dogs.eu\/wp-content\/gallery\/sudden\/thumbs\/thumbs_IMG_8159.JPG\"\n\t\t\tdata-image-id=\"26\"\n\t\t\tdata-title=\"IMG_8159\"\n\t\t\tdata-description=\"\"\n\t\t\tclass=\"ngg-fancybox\" rel=\"f5d41452b9c77c5935fe20e8b15893fa\">\n\n\t\t\t<img data-image-id='26'\n\t\t\t\ttitle=\"\"\n\t\t\t\talt=\"IMG_8159\"\n\t\t\t\tsrc=\"https:\/\/x-dogs.eu\/wp-content\/gallery\/sudden\/IMG_8159.JPG\"\n\t\t\t\tstyle=\"max-height: 880px;\"\/>\n\t\t<\/a>\n\n\t\t\n\t\t<a href=\"https:\/\/x-dogs.eu\/wp-content\/gallery\/sudden\/IMG_8157.JPG\"\n\t\t\ttitle=\"\"\n\t\t\tdata-src=\"https:\/\/x-dogs.eu\/wp-content\/gallery\/sudden\/IMG_8157.JPG\"\n\t\t\tdata-thumbnail=\"https:\/\/x-dogs.eu\/wp-content\/gallery\/sudden\/thumbs\/thumbs_IMG_8157.JPG\"\n\t\t\tdata-image-id=\"27\"\n\t\t\tdata-title=\"IMG_8157\"\n\t\t\tdata-description=\"\"\n\t\t\tclass=\"ngg-fancybox\" rel=\"f5d41452b9c77c5935fe20e8b15893fa\">\n\n\t\t\t<img data-image-id='27'\n\t\t\t\ttitle=\"\"\n\t\t\t\talt=\"IMG_8157\"\n\t\t\t\tsrc=\"https:\/\/x-dogs.eu\/wp-content\/gallery\/sudden\/IMG_8157.JPG\"\n\t\t\t\tstyle=\"max-height: 880px;\"\/>\n\t\t<\/a>\n\n\t\t\n\t\t<a href=\"https:\/\/x-dogs.eu\/wp-content\/gallery\/sudden\/IMG_8146.JPG\"\n\t\t\ttitle=\"\"\n\t\t\tdata-src=\"https:\/\/x-dogs.eu\/wp-content\/gallery\/sudden\/IMG_8146.JPG\"\n\t\t\tdata-thumbnail=\"https:\/\/x-dogs.eu\/wp-content\/gallery\/sudden\/thumbs\/thumbs_IMG_8146.JPG\"\n\t\t\tdata-image-id=\"29\"\n\t\t\tdata-title=\"IMG_8146\"\n\t\t\tdata-description=\"\"\n\t\t\tclass=\"ngg-fancybox\" rel=\"f5d41452b9c77c5935fe20e8b15893fa\">\n\n\t\t\t<img data-image-id='29'\n\t\t\t\ttitle=\"\"\n\t\t\t\talt=\"IMG_8146\"\n\t\t\t\tsrc=\"https:\/\/x-dogs.eu\/wp-content\/gallery\/sudden\/IMG_8146.JPG\"\n\t\t\t\tstyle=\"max-height: 880px;\"\/>\n\t\t<\/a>\n\n\t\t\n\t\t<a href=\"https:\/\/x-dogs.eu\/wp-content\/gallery\/sudden\/IMG_8147.JPG\"\n\t\t\ttitle=\"\"\n\t\t\tdata-src=\"https:\/\/x-dogs.eu\/wp-content\/gallery\/sudden\/IMG_8147.JPG\"\n\t\t\tdata-thumbnail=\"https:\/\/x-dogs.eu\/wp-content\/gallery\/sudden\/thumbs\/thumbs_IMG_8147.JPG\"\n\t\t\tdata-image-id=\"30\"\n\t\t\tdata-title=\"IMG_8147\"\n\t\t\tdata-description=\"\"\n\t\t\tclass=\"ngg-fancybox\" rel=\"f5d41452b9c77c5935fe20e8b15893fa\">\n\n\t\t\t<img data-image-id='30'\n\t\t\t\ttitle=\"\"\n\t\t\t\talt=\"IMG_8147\"\n\t\t\t\tsrc=\"https:\/\/x-dogs.eu\/wp-content\/gallery\/sudden\/IMG_8147.JPG\"\n\t\t\t\tstyle=\"max-height: 880px;\"\/>\n\t\t<\/a>\n\n\t\t\n\t\t<a href=\"https:\/\/x-dogs.eu\/wp-content\/gallery\/sudden\/IMG_8173.JPG\"\n\t\t\ttitle=\"\"\n\t\t\tdata-src=\"https:\/\/x-dogs.eu\/wp-content\/gallery\/sudden\/IMG_8173.JPG\"\n\t\t\tdata-thumbnail=\"https:\/\/x-dogs.eu\/wp-content\/gallery\/sudden\/thumbs\/thumbs_IMG_8173.JPG\"\n\t\t\tdata-image-id=\"31\"\n\t\t\tdata-title=\"IMG_8173\"\n\t\t\tdata-description=\"\"\n\t\t\tclass=\"ngg-fancybox\" rel=\"f5d41452b9c77c5935fe20e8b15893fa\">\n\n\t\t\t<img data-image-id='31'\n\t\t\t\ttitle=\"\"\n\t\t\t\talt=\"IMG_8173\"\n\t\t\t\tsrc=\"https:\/\/x-dogs.eu\/wp-content\/gallery\/sudden\/IMG_8173.JPG\"\n\t\t\t\tstyle=\"max-height: 880px;\"\/>\n\t\t<\/a>\n\n\t\t\n\t\t<a href=\"https:\/\/x-dogs.eu\/wp-content\/gallery\/sudden\/IMG_8161.JPG\"\n\t\t\ttitle=\"\"\n\t\t\tdata-src=\"https:\/\/x-dogs.eu\/wp-content\/gallery\/sudden\/IMG_8161.JPG\"\n\t\t\tdata-thumbnail=\"https:\/\/x-dogs.eu\/wp-content\/gallery\/sudden\/thumbs\/thumbs_IMG_8161.JPG\"\n\t\t\tdata-image-id=\"32\"\n\t\t\tdata-title=\"IMG_8161\"\n\t\t\tdata-description=\"\"\n\t\t\tclass=\"ngg-fancybox\" rel=\"f5d41452b9c77c5935fe20e8b15893fa\">\n\n\t\t\t<img data-image-id='32'\n\t\t\t\ttitle=\"\"\n\t\t\t\talt=\"IMG_8161\"\n\t\t\t\tsrc=\"https:\/\/x-dogs.eu\/wp-content\/gallery\/sudden\/IMG_8161.JPG\"\n\t\t\t\tstyle=\"max-height: 880px;\"\/>\n\t\t<\/a>\n\n\t\t<\/div>\n\n\n\n<p style=\"text-align: center;\">B\u00f6cke und Auen der Rasse Gotland Pelzschaf (kein Herdbuch).&nbsp;<\/p>\n\n<div class=\"ngg-galleryoverview ngg-slideshow\"\n\tid=\"ngg-slideshow-2edc5e6404115604986493da7ddce660-1409803250\"\n\tdata-gallery-id=\"2edc5e6404115604986493da7ddce660\"\n\tstyle=\"max-width: 900px;\n\t\t\tmax-height: 900px;\n\t\t\tdisplay: none;\">\n\n\t\n\t\t<a href=\"https:\/\/x-dogs.eu\/wp-content\/gallery\/gotland-pelzschafe\/IMG_7121-scaled.jpeg\"\n\t\t\ttitle=\"\"\n\t\t\tdata-src=\"https:\/\/x-dogs.eu\/wp-content\/gallery\/gotland-pelzschafe\/IMG_7121-scaled.jpeg\"\n\t\t\tdata-thumbnail=\"https:\/\/x-dogs.eu\/wp-content\/gallery\/gotland-pelzschafe\/thumbs\/thumbs_IMG_7121-scaled.jpeg\"\n\t\t\tdata-image-id=\"36\"\n\t\t\tdata-title=\"IMG_7121-scaled\"\n\t\t\tdata-description=\"\"\n\t\t\tclass=\"ngg-fancybox\" rel=\"2edc5e6404115604986493da7ddce660\">\n\n\t\t\t<img data-image-id='36'\n\t\t\t\ttitle=\"\"\n\t\t\t\talt=\"IMG_7121-scaled\"\n\t\t\t\tsrc=\"https:\/\/x-dogs.eu\/wp-content\/gallery\/gotland-pelzschafe\/IMG_7121-scaled.jpeg\"\n\t\t\t\tstyle=\"max-height: 880px;\"\/>\n\t\t<\/a>\n\n\t\t\n\t\t<a href=\"https:\/\/x-dogs.eu\/wp-content\/gallery\/gotland-pelzschafe\/891A2460-2.jpg\"\n\t\t\ttitle=\"\"\n\t\t\tdata-src=\"https:\/\/x-dogs.eu\/wp-content\/gallery\/gotland-pelzschafe\/891A2460-2.jpg\"\n\t\t\tdata-thumbnail=\"https:\/\/x-dogs.eu\/wp-content\/gallery\/gotland-pelzschafe\/thumbs\/thumbs_891A2460-2.jpg\"\n\t\t\tdata-image-id=\"34\"\n\t\t\tdata-title=\"891A2460-2\"\n\t\t\tdata-description=\"\"\n\t\t\tclass=\"ngg-fancybox\" rel=\"2edc5e6404115604986493da7ddce660\">\n\n\t\t\t<img data-image-id='34'\n\t\t\t\ttitle=\"\"\n\t\t\t\talt=\"891A2460-2\"\n\t\t\t\tsrc=\"https:\/\/x-dogs.eu\/wp-content\/gallery\/gotland-pelzschafe\/891A2460-2.jpg\"\n\t\t\t\tstyle=\"max-height: 880px;\"\/>\n\t\t<\/a>\n\n\t\t\n\t\t<a href=\"https:\/\/x-dogs.eu\/wp-content\/gallery\/gotland-pelzschafe\/IMG_3620.jpeg\"\n\t\t\ttitle=\"\"\n\t\t\tdata-src=\"https:\/\/x-dogs.eu\/wp-content\/gallery\/gotland-pelzschafe\/IMG_3620.jpeg\"\n\t\t\tdata-thumbnail=\"https:\/\/x-dogs.eu\/wp-content\/gallery\/gotland-pelzschafe\/thumbs\/thumbs_IMG_3620.jpeg\"\n\t\t\tdata-image-id=\"23\"\n\t\t\tdata-title=\"IMG_3620\"\n\t\t\tdata-description=\"\"\n\t\t\tclass=\"ngg-fancybox\" rel=\"2edc5e6404115604986493da7ddce660\">\n\n\t\t\t<img data-image-id='23'\n\t\t\t\ttitle=\"\"\n\t\t\t\talt=\"IMG_3620\"\n\t\t\t\tsrc=\"https:\/\/x-dogs.eu\/wp-content\/gallery\/gotland-pelzschafe\/IMG_3620.jpeg\"\n\t\t\t\tstyle=\"max-height: 880px;\"\/>\n\t\t<\/a>\n\n\t\t\n\t\t<a href=\"https:\/\/x-dogs.eu\/wp-content\/gallery\/gotland-pelzschafe\/IMG_7722.JPG\"\n\t\t\ttitle=\"\"\n\t\t\tdata-src=\"https:\/\/x-dogs.eu\/wp-content\/gallery\/gotland-pelzschafe\/IMG_7722.JPG\"\n\t\t\tdata-thumbnail=\"https:\/\/x-dogs.eu\/wp-content\/gallery\/gotland-pelzschafe\/thumbs\/thumbs_IMG_7722.JPG\"\n\t\t\tdata-image-id=\"22\"\n\t\t\tdata-title=\"IMG_7722\"\n\t\t\tdata-description=\"\"\n\t\t\tclass=\"ngg-fancybox\" rel=\"2edc5e6404115604986493da7ddce660\">\n\n\t\t\t<img data-image-id='22'\n\t\t\t\ttitle=\"\"\n\t\t\t\talt=\"IMG_7722\"\n\t\t\t\tsrc=\"https:\/\/x-dogs.eu\/wp-content\/gallery\/gotland-pelzschafe\/IMG_7722.JPG\"\n\t\t\t\tstyle=\"max-height: 880px;\"\/>\n\t\t<\/a>\n\n\t\t\n\t\t<a href=\"https:\/\/x-dogs.eu\/wp-content\/gallery\/gotland-pelzschafe\/IMG_3650.jpeg\"\n\t\t\ttitle=\"\"\n\t\t\tdata-src=\"https:\/\/x-dogs.eu\/wp-content\/gallery\/gotland-pelzschafe\/IMG_3650.jpeg\"\n\t\t\tdata-thumbnail=\"https:\/\/x-dogs.eu\/wp-content\/gallery\/gotland-pelzschafe\/thumbs\/thumbs_IMG_3650.jpeg\"\n\t\t\tdata-image-id=\"24\"\n\t\t\tdata-title=\"IMG_3650\"\n\t\t\tdata-description=\"\"\n\t\t\tclass=\"ngg-fancybox\" rel=\"2edc5e6404115604986493da7ddce660\">\n\n\t\t\t<img data-image-id='24'\n\t\t\t\ttitle=\"\"\n\t\t\t\talt=\"IMG_3650\"\n\t\t\t\tsrc=\"https:\/\/x-dogs.eu\/wp-content\/gallery\/gotland-pelzschafe\/IMG_3650.jpeg\"\n\t\t\t\tstyle=\"max-height: 880px;\"\/>\n\t\t<\/a>\n\n\t\t\n\t\t<a href=\"https:\/\/x-dogs.eu\/wp-content\/gallery\/gotland-pelzschafe\/IMG_7727.JPG\"\n\t\t\ttitle=\"\"\n\t\t\tdata-src=\"https:\/\/x-dogs.eu\/wp-content\/gallery\/gotland-pelzschafe\/IMG_7727.JPG\"\n\t\t\tdata-thumbnail=\"https:\/\/x-dogs.eu\/wp-content\/gallery\/gotland-pelzschafe\/thumbs\/thumbs_IMG_7727.JPG\"\n\t\t\tdata-image-id=\"21\"\n\t\t\tdata-title=\"IMG_7727\"\n\t\t\tdata-description=\"\"\n\t\t\tclass=\"ngg-fancybox\" rel=\"2edc5e6404115604986493da7ddce660\">\n\n\t\t\t<img data-image-id='21'\n\t\t\t\ttitle=\"\"\n\t\t\t\talt=\"IMG_7727\"\n\t\t\t\tsrc=\"https:\/\/x-dogs.eu\/wp-content\/gallery\/gotland-pelzschafe\/IMG_7727.JPG\"\n\t\t\t\tstyle=\"max-height: 880px;\"\/>\n\t\t<\/a>\n\n\t\t\n\t\t<a href=\"https:\/\/x-dogs.eu\/wp-content\/gallery\/gotland-pelzschafe\/IMG_3649.jpg\"\n\t\t\ttitle=\"\"\n\t\t\tdata-src=\"https:\/\/x-dogs.eu\/wp-content\/gallery\/gotland-pelzschafe\/IMG_3649.jpg\"\n\t\t\tdata-thumbnail=\"https:\/\/x-dogs.eu\/wp-content\/gallery\/gotland-pelzschafe\/thumbs\/thumbs_IMG_3649.jpg\"\n\t\t\tdata-image-id=\"35\"\n\t\t\tdata-title=\"IMG_3649\"\n\t\t\tdata-description=\"\"\n\t\t\tclass=\"ngg-fancybox\" rel=\"2edc5e6404115604986493da7ddce660\">\n\n\t\t\t<img data-image-id='35'\n\t\t\t\ttitle=\"\"\n\t\t\t\talt=\"IMG_3649\"\n\t\t\t\tsrc=\"https:\/\/x-dogs.eu\/wp-content\/gallery\/gotland-pelzschafe\/IMG_3649.jpg\"\n\t\t\t\tstyle=\"max-height: 880px;\"\/>\n\t\t<\/a>\n\n\t\t<\/div>\n\n\n\n<p style=\"text-align: center;\">Bei Interesse einfach eine <a href=\"https:\/\/x-dogs.eu\/?page_id=75\">Email<\/a> schreiben.<\/p>\n<p style=\"text-align: center;\">Wir haben nat\u00fcrlich gegerbte Lamm- und Schaffelle zu verkaufen!<br \/>\n(Bei Interesse bitte fr\u00fchzeitig Bescheid geben!)<\/p>\n<p style=\"text-align: left;\">&nbsp;<\/p>\n\n<div class=\"ngg-galleryoverview ngg-slideshow\"\n\tid=\"ngg-slideshow-7e2d877e55fa05f74650f7bb99755864-16468552220\"\n\tdata-gallery-id=\"7e2d877e55fa05f74650f7bb99755864\"\n\tstyle=\"max-width: 900px;\n\t\t\tmax-height: 900px;\n\t\t\tdisplay: none;\">\n\n\t\n\t\t<a href=\"https:\/\/x-dogs.eu\/wp-content\/gallery\/felle\/IMG_7724.jpg\"\n\t\t\ttitle=\"\"\n\t\t\tdata-src=\"https:\/\/x-dogs.eu\/wp-content\/gallery\/felle\/IMG_7724.jpg\"\n\t\t\tdata-thumbnail=\"https:\/\/x-dogs.eu\/wp-content\/gallery\/felle\/thumbs\/thumbs_IMG_7724.jpg\"\n\t\t\tdata-image-id=\"8\"\n\t\t\tdata-title=\"IMG_7724\"\n\t\t\tdata-description=\"\"\n\t\t\tclass=\"ngg-fancybox\" rel=\"7e2d877e55fa05f74650f7bb99755864\">\n\n\t\t\t<img data-image-id='8'\n\t\t\t\ttitle=\"\"\n\t\t\t\talt=\"IMG_7724\"\n\t\t\t\tsrc=\"https:\/\/x-dogs.eu\/wp-content\/gallery\/felle\/IMG_7724.jpg\"\n\t\t\t\tstyle=\"max-height: 880px;\"\/>\n\t\t<\/a>\n\n\t\t\n\t\t<a href=\"https:\/\/x-dogs.eu\/wp-content\/gallery\/felle\/IMG_7725.jpg\"\n\t\t\ttitle=\"\"\n\t\t\tdata-src=\"https:\/\/x-dogs.eu\/wp-content\/gallery\/felle\/IMG_7725.jpg\"\n\t\t\tdata-thumbnail=\"https:\/\/x-dogs.eu\/wp-content\/gallery\/felle\/thumbs\/thumbs_IMG_7725.jpg\"\n\t\t\tdata-image-id=\"9\"\n\t\t\tdata-title=\"IMG_7725\"\n\t\t\tdata-description=\"\"\n\t\t\tclass=\"ngg-fancybox\" rel=\"7e2d877e55fa05f74650f7bb99755864\">\n\n\t\t\t<img data-image-id='9'\n\t\t\t\ttitle=\"\"\n\t\t\t\talt=\"IMG_7725\"\n\t\t\t\tsrc=\"https:\/\/x-dogs.eu\/wp-content\/gallery\/felle\/IMG_7725.jpg\"\n\t\t\t\tstyle=\"max-height: 880px;\"\/>\n\t\t<\/a>\n\n\t\t\n\t\t<a href=\"https:\/\/x-dogs.eu\/wp-content\/gallery\/felle\/IMG_7723.jpg\"\n\t\t\ttitle=\"\"\n\t\t\tdata-src=\"https:\/\/x-dogs.eu\/wp-content\/gallery\/felle\/IMG_7723.jpg\"\n\t\t\tdata-thumbnail=\"https:\/\/x-dogs.eu\/wp-content\/gallery\/felle\/thumbs\/thumbs_IMG_7723.jpg\"\n\t\t\tdata-image-id=\"10\"\n\t\t\tdata-title=\"IMG_7723\"\n\t\t\tdata-description=\"\"\n\t\t\tclass=\"ngg-fancybox\" rel=\"7e2d877e55fa05f74650f7bb99755864\">\n\n\t\t\t<img data-image-id='10'\n\t\t\t\ttitle=\"\"\n\t\t\t\talt=\"IMG_7723\"\n\t\t\t\tsrc=\"https:\/\/x-dogs.eu\/wp-content\/gallery\/felle\/IMG_7723.jpg\"\n\t\t\t\tstyle=\"max-height: 880px;\"\/>\n\t\t<\/a>\n\n\t\t\n\t\t<a href=\"https:\/\/x-dogs.eu\/wp-content\/gallery\/felle\/IMG_7722.jpg\"\n\t\t\ttitle=\"\"\n\t\t\tdata-src=\"https:\/\/x-dogs.eu\/wp-content\/gallery\/felle\/IMG_7722.jpg\"\n\t\t\tdata-thumbnail=\"https:\/\/x-dogs.eu\/wp-content\/gallery\/felle\/thumbs\/thumbs_IMG_7722.jpg\"\n\t\t\tdata-image-id=\"11\"\n\t\t\tdata-title=\"IMG_7722\"\n\t\t\tdata-description=\"\"\n\t\t\tclass=\"ngg-fancybox\" rel=\"7e2d877e55fa05f74650f7bb99755864\">\n\n\t\t\t<img data-image-id='11'\n\t\t\t\ttitle=\"\"\n\t\t\t\talt=\"IMG_7722\"\n\t\t\t\tsrc=\"https:\/\/x-dogs.eu\/wp-content\/gallery\/felle\/IMG_7722.jpg\"\n\t\t\t\tstyle=\"max-height: 880px;\"\/>\n\t\t<\/a>\n\n\t\t\n\t\t<a href=\"https:\/\/x-dogs.eu\/wp-content\/gallery\/felle\/20170122_095835-e1485076786632.jpg\"\n\t\t\ttitle=\"\"\n\t\t\tdata-src=\"https:\/\/x-dogs.eu\/wp-content\/gallery\/felle\/20170122_095835-e1485076786632.jpg\"\n\t\t\tdata-thumbnail=\"https:\/\/x-dogs.eu\/wp-content\/gallery\/felle\/thumbs\/thumbs_20170122_095835-e1485076786632.jpg\"\n\t\t\tdata-image-id=\"13\"\n\t\t\tdata-title=\"20170122_095835-e1485076786632\"\n\t\t\tdata-description=\"\"\n\t\t\tclass=\"ngg-fancybox\" rel=\"7e2d877e55fa05f74650f7bb99755864\">\n\n\t\t\t<img data-image-id='13'\n\t\t\t\ttitle=\"\"\n\t\t\t\talt=\"20170122_095835-e1485076786632\"\n\t\t\t\tsrc=\"https:\/\/x-dogs.eu\/wp-content\/gallery\/felle\/20170122_095835-e1485076786632.jpg\"\n\t\t\t\tstyle=\"max-height: 880px;\"\/>\n\t\t<\/a>\n\n\t\t\n\t\t<a href=\"https:\/\/x-dogs.eu\/wp-content\/gallery\/felle\/20170122_095854.jpg\"\n\t\t\ttitle=\"\"\n\t\t\tdata-src=\"https:\/\/x-dogs.eu\/wp-content\/gallery\/felle\/20170122_095854.jpg\"\n\t\t\tdata-thumbnail=\"https:\/\/x-dogs.eu\/wp-content\/gallery\/felle\/thumbs\/thumbs_20170122_095854.jpg\"\n\t\t\tdata-image-id=\"14\"\n\t\t\tdata-title=\"20170122_095854\"\n\t\t\tdata-description=\"\"\n\t\t\tclass=\"ngg-fancybox\" rel=\"7e2d877e55fa05f74650f7bb99755864\">\n\n\t\t\t<img data-image-id='14'\n\t\t\t\ttitle=\"\"\n\t\t\t\talt=\"20170122_095854\"\n\t\t\t\tsrc=\"https:\/\/x-dogs.eu\/wp-content\/gallery\/felle\/20170122_095854.jpg\"\n\t\t\t\tstyle=\"max-height: 880px;\"\/>\n\t\t<\/a>\n\n\t\t\n\t\t<a href=\"https:\/\/x-dogs.eu\/wp-content\/gallery\/felle\/20170122_101829.jpg\"\n\t\t\ttitle=\"\"\n\t\t\tdata-src=\"https:\/\/x-dogs.eu\/wp-content\/gallery\/felle\/20170122_101829.jpg\"\n\t\t\tdata-thumbnail=\"https:\/\/x-dogs.eu\/wp-content\/gallery\/felle\/thumbs\/thumbs_20170122_101829.jpg\"\n\t\t\tdata-image-id=\"15\"\n\t\t\tdata-title=\"20170122_101829\"\n\t\t\tdata-description=\"\"\n\t\t\tclass=\"ngg-fancybox\" rel=\"7e2d877e55fa05f74650f7bb99755864\">\n\n\t\t\t<img data-image-id='15'\n\t\t\t\ttitle=\"\"\n\t\t\t\talt=\"20170122_101829\"\n\t\t\t\tsrc=\"https:\/\/x-dogs.eu\/wp-content\/gallery\/felle\/20170122_101829.jpg\"\n\t\t\t\tstyle=\"max-height: 880px;\"\/>\n\t\t<\/a>\n\n\t\t<\/div>\n\n\n\n<p style=\"text-align: left;\">&nbsp;<\/p>\n","protected":false},"excerpt":{"rendered":"<p>Zuchtb\u00f6cke, Bockl\u00e4mmer, Auen und Aul\u00e4mmer aus der Skuddenzucht &#8222;aus dem Wiesental&#8220; (kein Herdbuch) Schwerpunkt meiner Skuddenzucht liegt auf dem Farbschlag Schwarzwei\u00df gescheckt. B\u00f6cke und Auen der Rasse Gotland Pelzschaf (kein Herdbuch).&nbsp; Bei Interesse einfach eine Email schreiben. Wir haben nat\u00fcrlich gegerbte Lamm- und Schaffelle zu verkaufen! (Bei Interesse bitte fr\u00fchzeitig Bescheid geben!) &nbsp; &nbsp;<\/p>\n","protected":false},"author":1,"featured_media":0,"parent":0,"menu_order":0,"comment_status":"closed","ping_status":"closed","template":"","meta":{"ngg_post_thumbnail":0,"footnotes":""},"class_list":["post-637","page","type-page","status-publish","hentry"],"acf":[],"_links":{"self":[{"href":"https:\/\/x-dogs.eu\/index.php?rest_route=\/wp\/v2\/pages\/637","targetHints":{"allow":["GET"]}}],"collection":[{"href":"https:\/\/x-dogs.eu\/index.php?rest_route=\/wp\/v2\/pages"}],"about":[{"href":"https:\/\/x-dogs.eu\/index.php?rest_route=\/wp\/v2\/types\/page"}],"author":[{"embeddable":true,"href":"https:\/\/x-dogs.eu\/index.php?rest_route=\/wp\/v2\/users\/1"}],"replies":[{"embeddable":true,"href":"https:\/\/x-dogs.eu\/index.php?rest_route=%2Fwp%2Fv2%2Fcomments&post=637"}],"version-history":[{"count":13,"href":"https:\/\/x-dogs.eu\/index.php?rest_route=\/wp\/v2\/pages\/637\/revisions"}],"predecessor-version":[{"id":1451,"href":"https:\/\/x-dogs.eu\/index.php?rest_route=\/wp\/v2\/pages\/637\/revisions\/1451"}],"wp:attachment":[{"href":"https:\/\/x-dogs.eu\/index.php?rest_route=%2Fwp%2Fv2%2Fmedia&parent=637"}],"curies":[{"name":"wp","href":"https:\/\/api.w.org\/{rel}","templated":true}]}}