{"id":559,"date":"2016-06-08T04:25:08","date_gmt":"2016-06-08T04:25:08","guid":{"rendered":"http:\/\/x-dogs.eu\/?page_id=559"},"modified":"2024-01-14T07:17:05","modified_gmt":"2024-01-14T07:17:05","slug":"training","status":"publish","type":"page","link":"https:\/\/x-dogs.eu\/?page_id=559","title":{"rendered":"Training"},"content":{"rendered":"<p style=\"text-align: center;\">Falls Interesse an einem H\u00fctetraining mit mir &nbsp;besteht, d\u00fcrft ihr mir gerne eine Nachricht schreiben \ud83d\ude42<\/p>\n<p style=\"text-align: center;\">(ausschlie\u00dflich f\u00fcr Koppelgebrauchshunde)<\/p>\n<p><img loading=\"lazy\" decoding=\"async\" class=\"aligncenter wp-image-1039 size-full\" src=\"https:\/\/x-dogs.eu\/wp-content\/uploads\/2023\/11\/img_2883-1.png\" alt=\"\" width=\"501\" height=\"800\" srcset=\"https:\/\/x-dogs.eu\/wp-content\/uploads\/2023\/11\/img_2883-1.png 501w, https:\/\/x-dogs.eu\/wp-content\/uploads\/2023\/11\/img_2883-1-188x300.png 188w\" sizes=\"auto, (max-width: 501px) 100vw, 501px\" \/><\/p>\n<p style=\"text-align: center;\">Rosa lernt Backing (\u00dcberlaufen der Schafe im Treibgang)<\/p>\n<p>&nbsp;<\/p>\n<p>&nbsp;<\/p>\n<p>&nbsp;<\/p>\n<p>&nbsp;<\/p>\n<p>&nbsp;<\/p>\n<p>&nbsp;<\/p>\n<p>&nbsp;<\/p>\n","protected":false},"excerpt":{"rendered":"<p>Falls Interesse an einem H\u00fctetraining mit mir &nbsp;besteht, d\u00fcrft ihr mir gerne eine Nachricht schreiben \ud83d\ude42 (ausschlie\u00dflich f\u00fcr Koppelgebrauchshunde) Rosa lernt Backing (\u00dcberlaufen der Schafe im Treibgang) &nbsp; &nbsp; &nbsp; &nbsp; &nbsp; &nbsp; &nbsp;<\/p>\n","protected":false},"author":1,"featured_media":0,"parent":0,"menu_order":0,"comment_status":"closed","ping_status":"closed","template":"","meta":{"ngg_post_thumbnail":0,"footnotes":""},"class_list":["post-559","page","type-page","status-publish","hentry"],"acf":[],"_links":{"self":[{"href":"https:\/\/x-dogs.eu\/index.php?rest_route=\/wp\/v2\/pages\/559","targetHints":{"allow":["GET"]}}],"collection":[{"href":"https:\/\/x-dogs.eu\/index.php?rest_route=\/wp\/v2\/pages"}],"about":[{"href":"https:\/\/x-dogs.eu\/index.php?rest_route=\/wp\/v2\/types\/page"}],"author":[{"embeddable":true,"href":"https:\/\/x-dogs.eu\/index.php?rest_route=\/wp\/v2\/users\/1"}],"replies":[{"embeddable":true,"href":"https:\/\/x-dogs.eu\/index.php?rest_route=%2Fwp%2Fv2%2Fcomments&post=559"}],"version-history":[{"count":12,"href":"https:\/\/x-dogs.eu\/index.php?rest_route=\/wp\/v2\/pages\/559\/revisions"}],"predecessor-version":[{"id":1193,"href":"https:\/\/x-dogs.eu\/index.php?rest_route=\/wp\/v2\/pages\/559\/revisions\/1193"}],"wp:attachment":[{"href":"https:\/\/x-dogs.eu\/index.php?rest_route=%2Fwp%2Fv2%2Fmedia&parent=559"}],"curies":[{"name":"wp","href":"https:\/\/api.w.org\/{rel}","templated":true}]}}