{"id":43,"date":"2015-11-11T09:49:46","date_gmt":"2015-11-11T09:49:46","guid":{"rendered":"http:\/\/x-dogs.eu\/?page_id=43"},"modified":"2024-10-15T05:19:35","modified_gmt":"2024-10-15T05:19:35","slug":"ueber-mich","status":"publish","type":"page","link":"https:\/\/x-dogs.eu\/?page_id=43","title":{"rendered":"\u00dcber mich&#8230;"},"content":{"rendered":"<p style=\"text-align: center;\"><img loading=\"lazy\" decoding=\"async\" class=\"aligncenter size-large wp-image-1678\" src=\"https:\/\/x-dogs.eu\/wp-content\/uploads\/2024\/10\/IMG_1930-1024x555.jpeg\" alt=\"\" width=\"960\" height=\"520\" srcset=\"https:\/\/x-dogs.eu\/wp-content\/uploads\/2024\/10\/IMG_1930-1024x555.jpeg 1024w, https:\/\/x-dogs.eu\/wp-content\/uploads\/2024\/10\/IMG_1930-300x163.jpeg 300w, https:\/\/x-dogs.eu\/wp-content\/uploads\/2024\/10\/IMG_1930-768x416.jpeg 768w, https:\/\/x-dogs.eu\/wp-content\/uploads\/2024\/10\/IMG_1930-1536x833.jpeg 1536w, https:\/\/x-dogs.eu\/wp-content\/uploads\/2024\/10\/IMG_1930-2048x1110.jpeg 2048w, https:\/\/x-dogs.eu\/wp-content\/uploads\/2024\/10\/IMG_1930-1140x618.jpeg 1140w\" sizes=\"auto, (max-width: 960px) 100vw, 960px\" \/><\/p>\n<p style=\"text-align: center;\">Strike, Rosa, Rudi, Tara, Max (Foto: Chris Dutzi)<\/p>\n<p style=\"text-align: center; padding-left: 30px;\">\u00dcber mich m\u00f6chte ich auf dieser Seite nicht allzu viele Worte verlieren (ein paar m\u00fcssen aber sein), ist sie doch in allererster Linie meinen Hunden und unseren gemeinsamen Aktivit\u00e4ten gewidmet.<\/p>\n<p style=\"text-align: center;\">Seit 25 Jahren betreibe ich aktiv Hundesport. In fr\u00fcheren Zeiten Obedience und bis heute Agility. Beide Sportarten, mit verschiedenen Hunden, in der jeweils h\u00f6chsten Leistungsklasse, mit einigen Erfolgen auf Deutschen Meisterschaften und anderen hochrangigen nationalen Veranstaltungen (z. Bsp. mit Strike Platz 5 bei den Agility German Classics) und mehrfacher Teilnahme an WM-Qualifikationen.<\/p>\n<p style=\"text-align: center;\">Dar\u00fcber hinaus besch\u00e4ftige ich mich schon l\u00e4nger mit dem Thema Hund, ganz speziell das Verhalten von Hunden stand dabei immer im Mittelpunkt meines Interesses. So habe ich alle nur denkbare Literatur verschlungen und mich in unterschiedlichen Bereichen fortgebildet.<\/p>\n<p style=\"text-align: center;\">Seit nun 15 Jahren arbeite ich mit meinen H\u00fctehunden auch am Vieh und bin mittlerweile stolze Besitzerin von f\u00fcnf Working Kelpies und einer +\/- 40k\u00f6pfigen Mutterschafherde.<\/p>\n<p style=\"text-align: center;\"><a href=\"https:\/\/x-dogs.eu\/wp-content\/uploads\/2015\/11\/Tonka-a18641129.jpg\" target=\"_blank\" rel=\"noopener\"><img loading=\"lazy\" decoding=\"async\" class=\"aligncenter wp-image-44 size-full\" src=\"https:\/\/x-dogs.eu\/wp-content\/uploads\/2015\/11\/Tonka-a18641129.jpg\" alt=\"-Tonka-a18641129\" width=\"591\" height=\"412\" srcset=\"https:\/\/x-dogs.eu\/wp-content\/uploads\/2015\/11\/Tonka-a18641129.jpg 591w, https:\/\/x-dogs.eu\/wp-content\/uploads\/2015\/11\/Tonka-a18641129-300x209.jpg 300w\" sizes=\"auto, (max-width: 591px) 100vw, 591px\" \/><\/a>Tonka (1997-2011)<\/p>\n<p style=\"text-align: center;\">&#8230;mein erster eigener Hund, musste leider noch sehr unter meiner damaligen Unwissenheit leiden, vieles habe ich damals falsch gemacht und Tonka missverstanden, sie zeigte mir das jeden Tag aufs Neue&#8230;so wurde ich gezwungen g\u00e4ngige Trainingsans\u00e4tze zu hinterfragen und mich mit alternativen Erziehungs- und Ausbildungsmethoden auseinanderzusetzen. Dank dieser Erfahrungen f\u00fchle ich mich heute in der Lage kompetenter mit Erziehungs- und Ausbildungsfragen umzugehen.<\/p>\n<p style=\"text-align: center;\"><a href=\"https:\/\/x-dogs.eu\/wp-content\/uploads\/2015\/11\/50-4-13.10.10-hueten_094892.jpg\" target=\"_blank\" rel=\"noopener\"><img loading=\"lazy\" decoding=\"async\" class=\"wp-image-52 size-large aligncenter\" src=\"https:\/\/x-dogs.eu\/wp-content\/uploads\/2015\/11\/50-4-13.10.10-hueten_094892-1024x648.jpg\" alt=\"50 4 13.10.10 hueten_094892\" width=\"640\" height=\"405\" srcset=\"https:\/\/x-dogs.eu\/wp-content\/uploads\/2015\/11\/50-4-13.10.10-hueten_094892-1024x648.jpg 1024w, https:\/\/x-dogs.eu\/wp-content\/uploads\/2015\/11\/50-4-13.10.10-hueten_094892-300x190.jpg 300w, https:\/\/x-dogs.eu\/wp-content\/uploads\/2015\/11\/50-4-13.10.10-hueten_094892.jpg 1505w\" sizes=\"auto, (max-width: 640px) 100vw, 640px\" \/><\/a><br \/>\nStonevalley rednosed Rudi 22.04.2007 &#8211; 17.07.2024 (Foto: Myriam Kiefer)<\/p>\n<p style=\"text-align: center;\">Mit dem Einzug meines ersten Working Kelpies Rudi startete 2007 ein gr\u00f6\u00dferer Lebenswandel und die H\u00fctearbeit und damit die Hobbysch\u00e4ferei wurde mehr und mehr zum Lebensinhalt.<br \/>\nZu Beginn konnte ich, durch Trainingsm\u00f6glichkeiten bei Freunden, die ersten Erfahrungen in der H\u00fctearbeit sammeln. Schnell merkte ich jedoch, dass die &#8222;Ab und Zu&#8220;-H\u00fcterei f\u00fcr alle Beteiligten sich als nicht sinnvoll herausstellte und legte die Idee mit meinem Kelpie unbedingt h\u00fcten zu m\u00fcssen\/wollen erstmal wieder auf Eis. Aber der Gedanke an diese, dem Kelpie im Blut liegende, Arbeit ging mir nicht mehr aus dem Kopf und so setzte ich alles daran eine eigene kleine Schafherde bei uns einziehen zu lassen. Aber es war gar nicht so einfach ein brauchbares Gel\u00e4nde zu finden&#8230;viele km bin ich gelaufen und gefahren, habe viele Menschen angesprochen und bel\u00e4stigt und sogar Flyer ausgeh\u00e4ngt bis ich dann endlich eine kleine Wiese umgeben von Weinbergen pachten konnte. Der wichtigste Schritt war damit getan und so zogen im September 2010 vier Ouessants (Zwergschafe) von Uta Reichenbach bei uns ein.&nbsp; Das war dann der Anfang einer neuen und sehr intensiven Freizeitgestaltung, die mich voll in ihren Bann gezogen hat.<\/p>\n<p><img loading=\"lazy\" decoding=\"async\" class=\"aligncenter wp-image-1541\" src=\"https:\/\/x-dogs.eu\/wp-content\/uploads\/2024\/01\/IMG_3629-768x1024.jpeg\" alt=\"\" width=\"400\" height=\"533\" srcset=\"https:\/\/x-dogs.eu\/wp-content\/uploads\/2024\/01\/IMG_3629-768x1024.jpeg 768w, https:\/\/x-dogs.eu\/wp-content\/uploads\/2024\/01\/IMG_3629-225x300.jpeg 225w, https:\/\/x-dogs.eu\/wp-content\/uploads\/2024\/01\/IMG_3629-1152x1536.jpeg 1152w, https:\/\/x-dogs.eu\/wp-content\/uploads\/2024\/01\/IMG_3629-1536x2048.jpeg 1536w, https:\/\/x-dogs.eu\/wp-content\/uploads\/2024\/01\/IMG_3629-1140x1520.jpeg 1140w, https:\/\/x-dogs.eu\/wp-content\/uploads\/2024\/01\/IMG_3629-scaled.jpeg 1920w\" sizes=\"auto, (max-width: 400px) 100vw, 400px\" \/><\/p>\n<p style=\"text-align: center;\">Die Schafe und Hunde vermehrten sich und so lebe ich heute mit meinen vier Working Kelpies (Max, Strike, Tara und Rosa), einem sehr toleranten Mann und +\/- 50 Schafen (Gotland Pelzschafe, Skudden und Gebrauchsmixen) in meiner Wahlheimat Herxheim in der Pfalz.<\/p>\n<p style=\"text-align: center;\">Hin und wieder fotografiere ich in meiner Freizeit sehr gerne und helfe mit meinen Hunden als Urlaubsvertretung&nbsp; in einer Berufssch\u00e4ferei aus.<\/p>\n<p style=\"text-align: center;\"><img loading=\"lazy\" decoding=\"async\" class=\"wp-image-1159 size-large aligncenter\" src=\"https:\/\/x-dogs.eu\/wp-content\/uploads\/2024\/01\/bea6Z1A7774-2-1024x683.jpeg\" alt=\"\" width=\"640\" height=\"427\" srcset=\"https:\/\/x-dogs.eu\/wp-content\/uploads\/2024\/01\/bea6Z1A7774-2-1024x683.jpeg 1024w, https:\/\/x-dogs.eu\/wp-content\/uploads\/2024\/01\/bea6Z1A7774-2-300x200.jpeg 300w, https:\/\/x-dogs.eu\/wp-content\/uploads\/2024\/01\/bea6Z1A7774-2-768x512.jpeg 768w, https:\/\/x-dogs.eu\/wp-content\/uploads\/2024\/01\/bea6Z1A7774-2-1536x1024.jpeg 1536w, https:\/\/x-dogs.eu\/wp-content\/uploads\/2024\/01\/bea6Z1A7774-2-2048x1365.jpeg 2048w\" sizes=\"auto, (max-width: 640px) 100vw, 640px\" \/><\/p>\n<p style=\"text-align: center;\">Unser Rudel (Foto: Nadja Muschalik)<\/p>\n<p style=\"text-align: center;\"><a href=\"https:\/\/x-dogs.eu\/wp-content\/uploads\/2015\/11\/12052547_10206722663377044_7556225382625441484_o.jpg\" target=\"_blank\" rel=\"noopener\"><img loading=\"lazy\" decoding=\"async\" class=\"aligncenter wp-image-57 size-large\" src=\"https:\/\/x-dogs.eu\/wp-content\/uploads\/2015\/11\/12052547_10206722663377044_7556225382625441484_o-1024x386.jpg\" alt=\"12052547_10206722663377044_7556225382625441484_o\" width=\"640\" height=\"241\" srcset=\"https:\/\/x-dogs.eu\/wp-content\/uploads\/2015\/11\/12052547_10206722663377044_7556225382625441484_o-1024x386.jpg 1024w, https:\/\/x-dogs.eu\/wp-content\/uploads\/2015\/11\/12052547_10206722663377044_7556225382625441484_o-300x113.jpg 300w, https:\/\/x-dogs.eu\/wp-content\/uploads\/2015\/11\/12052547_10206722663377044_7556225382625441484_o.jpg 1564w\" sizes=\"auto, (max-width: 640px) 100vw, 640px\" \/><\/a><\/p>\n<p style=\"text-align: center;\">Strike bei der Arbeit an der gro\u00dfen Herde mit +\/- 300 Tieren<\/p>\n<p style=\"text-align: center;\">&nbsp;<\/p>\n","protected":false},"excerpt":{"rendered":"<p>Strike, Rosa, Rudi, Tara, Max (Foto: Chris Dutzi) \u00dcber mich m\u00f6chte ich auf dieser Seite nicht allzu viele Worte verlieren (ein paar m\u00fcssen aber sein), ist sie doch in allererster Linie meinen Hunden und unseren gemeinsamen Aktivit\u00e4ten gewidmet. Seit 25 Jahren betreibe ich aktiv Hundesport. In fr\u00fcheren Zeiten Obedience und bis heute Agility. Beide Sportarten, mit verschiedenen Hunden, in der jeweils h\u00f6chsten Leistungsklasse, mit einigen Erfolgen auf Deutschen Meisterschaften und anderen hochrangigen nationalen Veranstaltungen (z. Bsp. mit Strike Platz 5 bei den Agility German Classics) und mehrfacher Teilnahme an WM-Qualifikationen. Dar\u00fcber hinaus besch\u00e4ftige ich mich schon l\u00e4nger mit dem Thema Hund, ganz speziell das Verhalten von Hunden stand dabei immer im Mittelpunkt meines Interesses. So habe ich alle nur denkbare Literatur verschlungen und mich in unterschiedlichen Bereichen fortgebildet. Seit nun 15 Jahren arbeite ich mit meinen H\u00fctehunden auch am Vieh und bin mittlerweile stolze Besitzerin von f\u00fcnf Working Kelpies und einer +\/- 40k\u00f6pfigen Mutterschafherde. Tonka (1997-2011) &#8230;mein erster eigener Hund, musste leider noch sehr unter meiner damaligen Unwissenheit leiden, vieles habe ich damals falsch gemacht und Tonka missverstanden, sie zeigte mir das jeden Tag aufs Neue&#8230;so wurde ich gezwungen g\u00e4ngige Trainingsans\u00e4tze zu hinterfragen und mich mit alternativen Erziehungs- und Ausbildungsmethoden auseinanderzusetzen. Dank dieser Erfahrungen f\u00fchle ich mich heute in der Lage kompetenter mit Erziehungs- und Ausbildungsfragen umzugehen. Stonevalley rednosed Rudi 22.04.2007 &#8211; 17.07.2024 (Foto: Myriam Kiefer) Mit dem Einzug meines ersten Working Kelpies Rudi startete 2007 ein gr\u00f6\u00dferer Lebenswandel und die H\u00fctearbeit und damit die Hobbysch\u00e4ferei wurde mehr und mehr zum Lebensinhalt. Zu Beginn konnte ich, durch Trainingsm\u00f6glichkeiten bei Freunden, die ersten Erfahrungen in der H\u00fctearbeit sammeln. Schnell merkte ich jedoch, dass die &#8222;Ab und Zu&#8220;-H\u00fcterei f\u00fcr alle Beteiligten sich als nicht sinnvoll herausstellte und legte die Idee mit meinem Kelpie unbedingt h\u00fcten zu m\u00fcssen\/wollen erstmal wieder auf Eis. Aber der Gedanke an diese, dem Kelpie im Blut liegende, Arbeit ging mir nicht mehr aus dem Kopf und so setzte ich alles daran eine eigene kleine Schafherde bei uns einziehen zu lassen. Aber es war gar nicht so einfach ein brauchbares Gel\u00e4nde zu finden&#8230;viele km bin ich gelaufen und gefahren, habe viele Menschen angesprochen und bel\u00e4stigt und sogar Flyer ausgeh\u00e4ngt bis ich dann endlich eine kleine Wiese umgeben von Weinbergen pachten konnte. Der wichtigste Schritt war damit getan und so zogen im September 2010 vier Ouessants (Zwergschafe) von Uta Reichenbach bei uns ein.&nbsp; Das war dann der Anfang einer neuen und sehr intensiven Freizeitgestaltung, die mich voll in ihren Bann gezogen hat. Die Schafe und Hunde vermehrten sich und so lebe ich heute mit meinen vier Working Kelpies (Max, Strike, Tara und Rosa), einem sehr toleranten Mann und +\/- 50 Schafen (Gotland Pelzschafe, Skudden und Gebrauchsmixen) in meiner Wahlheimat Herxheim in der Pfalz. Hin und wieder fotografiere ich in meiner Freizeit sehr gerne und helfe mit meinen Hunden als Urlaubsvertretung&nbsp; in einer Berufssch\u00e4ferei aus. Unser Rudel (Foto: Nadja Muschalik) Strike bei der Arbeit an der gro\u00dfen Herde mit +\/- 300 Tieren &nbsp;<\/p>\n","protected":false},"author":1,"featured_media":0,"parent":0,"menu_order":0,"comment_status":"closed","ping_status":"closed","template":"","meta":{"ngg_post_thumbnail":0,"footnotes":""},"class_list":["post-43","page","type-page","status-publish","hentry"],"acf":[],"_links":{"self":[{"href":"https:\/\/x-dogs.eu\/index.php?rest_route=\/wp\/v2\/pages\/43","targetHints":{"allow":["GET"]}}],"collection":[{"href":"https:\/\/x-dogs.eu\/index.php?rest_route=\/wp\/v2\/pages"}],"about":[{"href":"https:\/\/x-dogs.eu\/index.php?rest_route=\/wp\/v2\/types\/page"}],"author":[{"embeddable":true,"href":"https:\/\/x-dogs.eu\/index.php?rest_route=\/wp\/v2\/users\/1"}],"replies":[{"embeddable":true,"href":"https:\/\/x-dogs.eu\/index.php?rest_route=%2Fwp%2Fv2%2Fcomments&post=43"}],"version-history":[{"count":36,"href":"https:\/\/x-dogs.eu\/index.php?rest_route=\/wp\/v2\/pages\/43\/revisions"}],"predecessor-version":[{"id":1680,"href":"https:\/\/x-dogs.eu\/index.php?rest_route=\/wp\/v2\/pages\/43\/revisions\/1680"}],"wp:attachment":[{"href":"https:\/\/x-dogs.eu\/index.php?rest_route=%2Fwp%2Fv2%2Fmedia&parent=43"}],"curies":[{"name":"wp","href":"https:\/\/api.w.org\/{rel}","templated":true}]}}