{"id":189,"date":"2015-11-11T14:01:56","date_gmt":"2015-11-11T14:01:56","guid":{"rendered":"http:\/\/x-dogs.eu\/?page_id=189"},"modified":"2019-02-17T06:36:04","modified_gmt":"2019-02-17T06:36:04","slug":"nachzucht","status":"publish","type":"page","link":"https:\/\/x-dogs.eu\/?page_id=189","title":{"rendered":"Nachzucht"},"content":{"rendered":"<ol>\n<li><strong>Wurf: Max X Redrock Amy-Lee im Stud <em><a href=\"http:\/\/www.maralinga-kelpies.at\">Maralinga (AUT)<\/a>, <\/em>2013<\/strong><\/li>\n<\/ol>\n<p>*16.04.2013, 2H\/5R<\/p>\n<p><strong>Maralinga a true Strike<\/strong><br \/>\nlebt bei mir, GER<br \/>\nHD-, OCD-, und ED-frei, R\u00fccken unauff\u00e4llig,&nbsp;SD-Profil unauff\u00e4llig (o.B.)<br \/>\nBH, Agility 3<br \/>\nH\u00fcten:&nbsp;HWT (VDH\/FCI), Trialklasse 1 (SSDS), Arbeitspr\u00fcfung Level 1 (IG Working Kelpie)<a href=\"https:\/\/x-dogs.eu\/wp-content\/uploads\/2015\/11\/IMG_8548.jpg\" target=\"_blank\" rel=\"noopener\"><img loading=\"lazy\" decoding=\"async\" class=\"wp-image-263 size-full aligncenter\" src=\"https:\/\/x-dogs.eu\/wp-content\/uploads\/2015\/11\/IMG_8548.jpg\" alt=\"IMG_8548\" width=\"5184\" height=\"3456\" srcset=\"https:\/\/x-dogs.eu\/wp-content\/uploads\/2015\/11\/IMG_8548.jpg 5184w, https:\/\/x-dogs.eu\/wp-content\/uploads\/2015\/11\/IMG_8548-300x200.jpg 300w, https:\/\/x-dogs.eu\/wp-content\/uploads\/2015\/11\/IMG_8548-1024x683.jpg 1024w\" sizes=\"auto, (max-width: 5184px) 100vw, 5184px\" \/><\/a><!--more--><\/p>\n<p><strong><br \/>\nMaralinga Black Jack<\/strong><br \/>\nlebt bei Melanie Hebding-Junele, GER<br \/>\nHD-, OCD-, und ED-frei, R\u00fccken unauff\u00e4llig<br \/>\nBH, Agility 3<br \/>\n<a href=\"https:\/\/x-dogs.eu\/wp-content\/uploads\/2015\/11\/18708_833043146751528_184631369020978342_n.jpg\" target=\"_blank\" rel=\"noopener\"><img loading=\"lazy\" decoding=\"async\" class=\"wp-image-265 size-full aligncenter\" src=\"https:\/\/x-dogs.eu\/wp-content\/uploads\/2015\/11\/18708_833043146751528_184631369020978342_n.jpg\" alt=\"18708_833043146751528_184631369020978342_n\" width=\"960\" height=\"540\" srcset=\"https:\/\/x-dogs.eu\/wp-content\/uploads\/2015\/11\/18708_833043146751528_184631369020978342_n.jpg 960w, https:\/\/x-dogs.eu\/wp-content\/uploads\/2015\/11\/18708_833043146751528_184631369020978342_n-300x169.jpg 300w\" sizes=\"auto, (max-width: 960px) 100vw, 960px\" \/><\/a><\/p>\n<p><strong><br \/>\nMaralinga Timon<\/strong><br \/>\nlebt bei den Z\u00fcchtern, Besitzerin Sigrid Kleinrubatscher, AUT<br \/>\nHD, OCD-, und ED-frei, R\u00fccken unauff\u00e4llig<br \/>\nBH, Agility 3, H\u00fcten in Ausbildung<a href=\"https:\/\/x-dogs.eu\/wp-content\/uploads\/2015\/11\/IMG_9993.jpg\"><img loading=\"lazy\" decoding=\"async\" class=\"alignleft size-full wp-image-264\" src=\"https:\/\/x-dogs.eu\/wp-content\/uploads\/2015\/11\/IMG_9993.jpg\" alt=\"IMG_9993\" width=\"3740\" height=\"2310\" srcset=\"https:\/\/x-dogs.eu\/wp-content\/uploads\/2015\/11\/IMG_9993.jpg 3740w, https:\/\/x-dogs.eu\/wp-content\/uploads\/2015\/11\/IMG_9993-300x185.jpg 300w, https:\/\/x-dogs.eu\/wp-content\/uploads\/2015\/11\/IMG_9993-1024x632.jpg 1024w\" sizes=\"auto, (max-width: 3740px) 100vw, 3740px\" \/><\/a><\/p>\n<p>&nbsp;<\/p>\n<p>&nbsp;<\/p>\n<p><strong><br \/>\nMaralinga Joey<\/strong><br \/>\nlebt bei den Z\u00fcchtern, Besitzer Hans-Peter Wiedauer, AUT<br \/>\nHD-, OCD-, und ED-frei, R\u00fccken unauff\u00e4llig, Herzuntersuchung f\u00fcr Zuchtzulassung auch einwandfrei<br \/>\nBH, Agility 3, H\u00fcten in Ausbildung<br \/>\n<a href=\"https:\/\/x-dogs.eu\/wp-content\/uploads\/2015\/11\/IMG_1287.jpg\" target=\"_blank\" rel=\"noopener\"><img loading=\"lazy\" decoding=\"async\" class=\"wp-image-261 size-full aligncenter\" src=\"https:\/\/x-dogs.eu\/wp-content\/uploads\/2015\/11\/IMG_1287.jpg\" alt=\"IMG_1287\" width=\"5156\" height=\"2585\" srcset=\"https:\/\/x-dogs.eu\/wp-content\/uploads\/2015\/11\/IMG_1287.jpg 5156w, https:\/\/x-dogs.eu\/wp-content\/uploads\/2015\/11\/IMG_1287-300x150.jpg 300w, https:\/\/x-dogs.eu\/wp-content\/uploads\/2015\/11\/IMG_1287-1024x513.jpg 1024w\" sizes=\"auto, (max-width: 5156px) 100vw, 5156px\" \/><\/a><\/p>\n<p>&nbsp;<\/p>\n<p><strong><br \/>\nMaralinga No Limit<\/strong><br \/>\nlebt bei J\u00f6rg Zenner, GER<br \/>\nHD-, OCD-, und ED-frei, R\u00fccken unauff\u00e4llig<br \/>\nBH, Agility 3<br \/>\n<a href=\"https:\/\/x-dogs.eu\/wp-content\/uploads\/2015\/11\/NoLimit4.jpeg\" target=\"_blank\" rel=\"noopener\"><img loading=\"lazy\" decoding=\"async\" class=\"wp-image-268 size-full aligncenter\" src=\"https:\/\/x-dogs.eu\/wp-content\/uploads\/2015\/11\/NoLimit4.jpeg\" alt=\"NoLimit4\" width=\"900\" height=\"600\" srcset=\"https:\/\/x-dogs.eu\/wp-content\/uploads\/2015\/11\/NoLimit4.jpeg 900w, https:\/\/x-dogs.eu\/wp-content\/uploads\/2015\/11\/NoLimit4-300x200.jpeg 300w\" sizes=\"auto, (max-width: 900px) 100vw, 900px\" \/><\/a><\/p>\n<p>&nbsp;<\/p>\n<p><strong>Maralinga Yani<\/strong><br \/>\nlebt bei Michael Beyeler, CHF<br \/>\nHD-, OCD-, und ED-frei, R\u00fccken unauff\u00e4llig<br \/>\nH\u00fcteeignungspr\u00fcfung der SSDS (=Swiss Sheep Dog Society) am 16.01.2016 bestanden<br \/>\n<a href=\"https:\/\/x-dogs.eu\/wp-content\/uploads\/2015\/11\/12015119_681268828670896_548090497623379473_o.jpg\" target=\"_blank\" rel=\"noopener\"><img loading=\"lazy\" decoding=\"async\" class=\"aligncenter wp-image-269 size-full\" src=\"https:\/\/x-dogs.eu\/wp-content\/uploads\/2015\/11\/12015119_681268828670896_548090497623379473_o.jpg\" alt=\"12015119_681268828670896_548090497623379473_o\" width=\"2048\" height=\"1328\" srcset=\"https:\/\/x-dogs.eu\/wp-content\/uploads\/2015\/11\/12015119_681268828670896_548090497623379473_o.jpg 2048w, https:\/\/x-dogs.eu\/wp-content\/uploads\/2015\/11\/12015119_681268828670896_548090497623379473_o-300x195.jpg 300w, https:\/\/x-dogs.eu\/wp-content\/uploads\/2015\/11\/12015119_681268828670896_548090497623379473_o-1024x664.jpg 1024w\" sizes=\"auto, (max-width: 2048px) 100vw, 2048px\" \/><\/a><\/p>\n<p>&nbsp;<\/p>\n<p><strong>Maralinga Mick<\/strong><br \/>\nlebt bei Katja Quaas, GER<br \/>\nhilft bei allt\u00e4glichen Arbeiten am Vieh<br \/>\n<a href=\"https:\/\/x-dogs.eu\/wp-content\/uploads\/2015\/11\/10846508_850580291629799_3207657755671840801_n.jpg\" target=\"_blank\" rel=\"noopener\"><img loading=\"lazy\" decoding=\"async\" class=\"aligncenter wp-image-270 size-full\" src=\"https:\/\/x-dogs.eu\/wp-content\/uploads\/2015\/11\/10846508_850580291629799_3207657755671840801_n.jpg\" alt=\"10846508_850580291629799_3207657755671840801_n\" width=\"960\" height=\"540\" srcset=\"https:\/\/x-dogs.eu\/wp-content\/uploads\/2015\/11\/10846508_850580291629799_3207657755671840801_n.jpg 960w, https:\/\/x-dogs.eu\/wp-content\/uploads\/2015\/11\/10846508_850580291629799_3207657755671840801_n-300x169.jpg 300w\" sizes=\"auto, (max-width: 960px) 100vw, 960px\" \/><\/a><\/p>\n<p>&#8212;&#8212;&#8212;&#8212;&#8212;&#8212;&#8212;&#8212;&#8212;&#8212;&#8212;&#8212;&#8212;&#8212;&#8212;&#8212;&#8212;&#8212;&#8212;&#8212;&#8212;&#8212;&#8212;&#8212;&#8212;&#8212;&#8212;&#8212;&#8212;&#8212;&#8212;&#8212;&#8212;&#8212;&#8212;&#8212;&#8212;&#8212;&#8212;&#8212;&#8212;&#8212;&#8212;&#8212;&#8212;&#8212;&#8212;&#8211;<\/p>\n<p><strong>2. Wurf: Max X Richcreek precious Pea im Stud <a href=\"http:\/\/www.working-kelpie.de\"><em>Richcreek (GY),<\/em><\/a> 2014<\/strong><\/p>\n<p>*28.05.2014,&nbsp; 3H\/1R<\/p>\n<p><strong>Richcreek infinity Icy<br \/>\n<\/strong>HD- und ED-frei (OCD und R\u00fccken nicht untersucht)<strong><br \/>\n<\/strong>lebt bei Z\u00fcchterin Myriam Kiefer, GER<strong><br \/>\n<\/strong>BH, Agility und H\u00fcten in Ausbildung<br \/>\n<a href=\"https:\/\/x-dogs.eu\/wp-content\/uploads\/2015\/11\/12196016_716074021758165_5890105333881268478_n.jpg\" target=\"_blank\" rel=\"noopener\"><img loading=\"lazy\" decoding=\"async\" class=\"aligncenter wp-image-274 size-full\" src=\"https:\/\/x-dogs.eu\/wp-content\/uploads\/2015\/11\/12196016_716074021758165_5890105333881268478_n.jpg\" alt=\"12196016_716074021758165_5890105333881268478_n\" width=\"960\" height=\"640\" srcset=\"https:\/\/x-dogs.eu\/wp-content\/uploads\/2015\/11\/12196016_716074021758165_5890105333881268478_n.jpg 960w, https:\/\/x-dogs.eu\/wp-content\/uploads\/2015\/11\/12196016_716074021758165_5890105333881268478_n-300x200.jpg 300w\" sizes=\"auto, (max-width: 960px) 100vw, 960px\" \/><\/a><\/p>\n<p>&nbsp;<\/p>\n<p><strong>Richcreek yapping Yani<\/strong><br \/>\nHD- und ED-frei (OCD und R\u00fccken nicht untersucht)<br \/>\nlebt bei Doris-Ines Doll, GER<br \/>\nAgility, Mantrailing in Ausbildung<br \/>\n<a href=\"https:\/\/x-dogs.eu\/wp-content\/uploads\/2015\/11\/Yani.jpg\" target=\"_blank\" rel=\"noopener\"><img loading=\"lazy\" decoding=\"async\" class=\"aligncenter wp-image-278 size-full\" src=\"https:\/\/x-dogs.eu\/wp-content\/uploads\/2015\/11\/Yani.jpg\" alt=\"Yani\" width=\"1051\" height=\"591\" srcset=\"https:\/\/x-dogs.eu\/wp-content\/uploads\/2015\/11\/Yani.jpg 1051w, https:\/\/x-dogs.eu\/wp-content\/uploads\/2015\/11\/Yani-300x169.jpg 300w, https:\/\/x-dogs.eu\/wp-content\/uploads\/2015\/11\/Yani-1024x576.jpg 1024w\" sizes=\"auto, (max-width: 1051px) 100vw, 1051px\" \/><\/a><\/p>\n<p>&nbsp;<\/p>\n<p><strong>Richcreek wild Weema<br \/>\n<\/strong>HD-, OCD- und ED-frei, R\u00fccken unauff\u00e4llig<strong><br \/>\n<\/strong>lebt bei Joana Kahle, GER<br \/>\nAgility 1 und H\u00fcten in Ausbildung<br \/>\n<a href=\"https:\/\/x-dogs.eu\/wp-content\/uploads\/2015\/11\/12191272_1225239287502945_2001191603002266420_o.jpg\" target=\"_blank\" rel=\"noopener\"><img loading=\"lazy\" decoding=\"async\" class=\"aligncenter wp-image-275 size-full\" src=\"https:\/\/x-dogs.eu\/wp-content\/uploads\/2015\/11\/12191272_1225239287502945_2001191603002266420_o.jpg\" alt=\"12191272_1225239287502945_2001191603002266420_o\" width=\"1024\" height=\"683\" srcset=\"https:\/\/x-dogs.eu\/wp-content\/uploads\/2015\/11\/12191272_1225239287502945_2001191603002266420_o.jpg 1024w, https:\/\/x-dogs.eu\/wp-content\/uploads\/2015\/11\/12191272_1225239287502945_2001191603002266420_o-300x200.jpg 300w\" sizes=\"auto, (max-width: 1024px) 100vw, 1024px\" \/><\/a><\/p>\n<p>&nbsp;<\/p>\n<p><strong>Richcreek farrel Flynn<br \/>\n<\/strong>HD- und ED-frei (OCD und R\u00fccken nicht untersucht)<strong><br \/>\n<\/strong>lebt bei Michael Kroner, GER<br \/>\nAgility, NADAC und Mantrailing in Ausbildung<br \/>\n<a href=\"https:\/\/x-dogs.eu\/wp-content\/uploads\/2015\/11\/Flynn.jpg\"><img loading=\"lazy\" decoding=\"async\" class=\"size-full wp-image-276 aligncenter\" src=\"https:\/\/x-dogs.eu\/wp-content\/uploads\/2015\/11\/Flynn.jpg\" alt=\"Flynn\" width=\"789\" height=\"561\" srcset=\"https:\/\/x-dogs.eu\/wp-content\/uploads\/2015\/11\/Flynn.jpg 789w, https:\/\/x-dogs.eu\/wp-content\/uploads\/2015\/11\/Flynn-300x213.jpg 300w\" sizes=\"auto, (max-width: 789px) 100vw, 789px\" \/><\/a><\/p>\n<p>Alle auf einen Streich im Oktober 2016:<br \/>\n<a href=\"https:\/\/x-dogs.eu\/wp-content\/uploads\/2015\/11\/14753905_10209374721396837_874524084114770494_o.jpg\" target=\"_blank\" rel=\"noopener\"><img loading=\"lazy\" decoding=\"async\" class=\"aligncenter wp-image-592 size-large\" src=\"https:\/\/x-dogs.eu\/wp-content\/uploads\/2015\/11\/14753905_10209374721396837_874524084114770494_o-1024x364.jpg\" alt=\"14753905_10209374721396837_874524084114770494_o\" width=\"640\" height=\"228\" srcset=\"https:\/\/x-dogs.eu\/wp-content\/uploads\/2015\/11\/14753905_10209374721396837_874524084114770494_o.jpg 1024w, https:\/\/x-dogs.eu\/wp-content\/uploads\/2015\/11\/14753905_10209374721396837_874524084114770494_o-300x107.jpg 300w\" sizes=\"auto, (max-width: 640px) 100vw, 640px\" \/><\/a>v.l.n.r. Max, Yani, Weema, Icy, Pea, Flynn<\/p>\n<p>&#8212;&#8212;&#8212;&#8212;&#8212;&#8212;&#8212;&#8212;&#8212;&#8212;&#8212;&#8212;&#8212;&#8212;&#8212;&#8212;&#8212;&#8212;&#8212;&#8212;&#8212;&#8212;&#8212;&#8212;&#8212;&#8212;&#8212;&#8212;&#8212;&#8212;&#8212;&#8212;&#8212;&#8212;&#8212;&#8212;&#8212;&#8212;&#8212;&#8212;&#8212;&#8212;&#8212;&#8212;&#8212;&#8212;&#8212;&#8212;&#8212;<\/p>\n<p><strong>3. Wurf: Max X Redrock Amy-Lee im Stud <em><a href=\"http:\/\/www.maralinga-kelpies.at\">Maralinga<\/a> (AUT), <\/em>2016<\/strong><\/p>\n<p>*06.05.2016, 4H\/4R<\/p>\n<p><a href=\"https:\/\/x-dogs.eu\/wp-content\/uploads\/2016\/05\/IMG-20160506-WA0010.jpg\"><img loading=\"lazy\" decoding=\"async\" class=\"wp-image-556 size-large aligncenter\" src=\"https:\/\/x-dogs.eu\/wp-content\/uploads\/2016\/05\/IMG-20160506-WA0010-1024x576.jpg\" alt=\"IMG-20160506-WA0010\" width=\"640\" height=\"360\" srcset=\"https:\/\/x-dogs.eu\/wp-content\/uploads\/2016\/05\/IMG-20160506-WA0010-1024x576.jpg 1024w, https:\/\/x-dogs.eu\/wp-content\/uploads\/2016\/05\/IMG-20160506-WA0010-300x169.jpg 300w, https:\/\/x-dogs.eu\/wp-content\/uploads\/2016\/05\/IMG-20160506-WA0010.jpg 1328w\" sizes=\"auto, (max-width: 640px) 100vw, 640px\" \/><\/a><a href=\"https:\/\/x-dogs.eu\/wp-content\/uploads\/2015\/11\/13776013_1773475469602715_4136183642691824640_n.jpg\" target=\"_blank\" rel=\"noopener\"><img loading=\"lazy\" decoding=\"async\" class=\"aligncenter wp-image-593 size-full\" src=\"https:\/\/x-dogs.eu\/wp-content\/uploads\/2015\/11\/13776013_1773475469602715_4136183642691824640_n.jpg\" alt=\"13776013_1773475469602715_4136183642691824640_n\" width=\"960\" height=\"540\" srcset=\"https:\/\/x-dogs.eu\/wp-content\/uploads\/2015\/11\/13776013_1773475469602715_4136183642691824640_n.jpg 960w, https:\/\/x-dogs.eu\/wp-content\/uploads\/2015\/11\/13776013_1773475469602715_4136183642691824640_n-300x169.jpg 300w\" sizes=\"auto, (max-width: 960px) 100vw, 960px\" \/><\/a><\/p>\n<p><strong>MARALINGA(AA) LITTLE AMAROO<br \/>\nA3M-29947-16&nbsp;<br \/>\n<\/strong>lebt bei Jenny Koch (GER)<strong><br \/>\n<\/strong>HD A1, ED frei, OCD frei<br \/>\nHerz: keine Auff\u00e4lligkeiten<br \/>\nBHVT, Agility A2 , H\u00fcten in Ausbildung<\/p>\n<p><a href=\"https:\/\/x-dogs.eu\/wp-content\/uploads\/2019\/02\/IMG_1783.jpg\"><img loading=\"lazy\" decoding=\"async\" class=\"alignnone size-large wp-image-840\" src=\"https:\/\/x-dogs.eu\/wp-content\/uploads\/2019\/02\/IMG_1783-1024x508.jpg\" alt=\"\" width=\"640\" height=\"318\" srcset=\"https:\/\/x-dogs.eu\/wp-content\/uploads\/2019\/02\/IMG_1783-1024x508.jpg 1024w, https:\/\/x-dogs.eu\/wp-content\/uploads\/2019\/02\/IMG_1783-300x149.jpg 300w, https:\/\/x-dogs.eu\/wp-content\/uploads\/2019\/02\/IMG_1783-768x381.jpg 768w, https:\/\/x-dogs.eu\/wp-content\/uploads\/2019\/02\/IMG_1783.jpg 1600w\" sizes=\"auto, (max-width: 640px) 100vw, 640px\" \/><\/a><\/p>\n<hr>\n<p><strong>4. Wurf: Max X Riverbank (GY) Leelou im Stud <a href=\"http:\/\/woodlands-workingkelpie.jimdo.com\/\" target=\"_blank\" rel=\"noopener\"><em>Woodlands <\/em><\/a>(AA) 2016<\/strong><\/p>\n<p>*22.07.2016&nbsp; 3H\/1R<\/p>\n<figure id=\"attachment_590\" aria-describedby=\"caption-attachment-590\" style=\"width: 851px\" class=\"wp-caption aligncenter\"><a href=\"https:\/\/x-dogs.eu\/wp-content\/uploads\/2015\/11\/Leelou-Welpen.jpg\" target=\"_blank\" rel=\"noopener\"><img loading=\"lazy\" decoding=\"async\" class=\"wp-image-590 size-full\" src=\"https:\/\/x-dogs.eu\/wp-content\/uploads\/2015\/11\/Leelou-Welpen.jpg\" alt=\"Leelou Welpen\" width=\"851\" height=\"370\" srcset=\"https:\/\/x-dogs.eu\/wp-content\/uploads\/2015\/11\/Leelou-Welpen.jpg 851w, https:\/\/x-dogs.eu\/wp-content\/uploads\/2015\/11\/Leelou-Welpen-300x130.jpg 300w\" sizes=\"auto, (max-width: 851px) 100vw, 851px\" \/><\/a><figcaption id=\"caption-attachment-590\" class=\"wp-caption-text\">&nbsp;&nbsp; &nbsp;&nbsp; &nbsp; Jillaroo&nbsp;&nbsp;&nbsp;&nbsp;&nbsp;&nbsp;&nbsp;&nbsp;&nbsp;&nbsp;&nbsp;&nbsp;&nbsp;&nbsp;&nbsp;&nbsp;&nbsp;&nbsp;&nbsp;&nbsp;&nbsp;&nbsp;&nbsp;&nbsp;&nbsp;&nbsp;&nbsp;&nbsp;&nbsp;&nbsp; Jay Dee&nbsp;&nbsp;&nbsp;&nbsp;&nbsp;&nbsp;&nbsp;&nbsp;&nbsp;&nbsp;&nbsp;&nbsp;&nbsp;&nbsp;&nbsp;&nbsp;&nbsp;&nbsp;&nbsp;&nbsp;&nbsp;&nbsp;&nbsp;&nbsp;&nbsp;&nbsp;&nbsp; Sally&nbsp;&nbsp;&nbsp;&nbsp;&nbsp;&nbsp;&nbsp;&nbsp;&nbsp;&nbsp;&nbsp;&nbsp;&nbsp;&nbsp;&nbsp;&nbsp;&nbsp;&nbsp;&nbsp;&nbsp;&nbsp;&nbsp;&nbsp;&nbsp;&nbsp;&nbsp;&nbsp;&nbsp; Jackaroo Beau<\/figcaption><\/figure>\n<hr>\n<p><strong>5. Wurf: Moorlands Mad Max X Kelmi Etev\u00e4 Emma (Ninja) im Stud Kelmi (Finnland) 2017<\/strong><\/p>\n<p>*08.06.2017&nbsp; 4H\/4R<\/p>\n<p><a href=\"https:\/\/x-dogs.eu\/wp-content\/uploads\/2015\/11\/19620484_10211880145851549_548016359212131166_o.jpg\"><img loading=\"lazy\" decoding=\"async\" class=\"alignnone size-large wp-image-687\" src=\"https:\/\/x-dogs.eu\/wp-content\/uploads\/2015\/11\/19620484_10211880145851549_548016359212131166_o-1024x576.jpg\" alt=\"\" width=\"640\" height=\"360\" srcset=\"https:\/\/x-dogs.eu\/wp-content\/uploads\/2015\/11\/19620484_10211880145851549_548016359212131166_o-1024x576.jpg 1024w, https:\/\/x-dogs.eu\/wp-content\/uploads\/2015\/11\/19620484_10211880145851549_548016359212131166_o-300x169.jpg 300w, https:\/\/x-dogs.eu\/wp-content\/uploads\/2015\/11\/19620484_10211880145851549_548016359212131166_o-768x432.jpg 768w, https:\/\/x-dogs.eu\/wp-content\/uploads\/2015\/11\/19620484_10211880145851549_548016359212131166_o.jpg 1776w\" sizes=\"auto, (max-width: 640px) 100vw, 640px\" \/><\/a><\/p>\n<p>&nbsp;<\/p>\n","protected":false},"excerpt":{"rendered":"<p>Wurf: Max X Redrock Amy-Lee im Stud Maralinga (AUT), 2013 *16.04.2013, 2H\/5R Maralinga a true Strike lebt bei mir, GER HD-, OCD-, und ED-frei, R\u00fccken unauff\u00e4llig,&nbsp;SD-Profil unauff\u00e4llig (o.B.) BH, Agility 3 H\u00fcten:&nbsp;HWT (VDH\/FCI), Trialklasse 1 (SSDS), Arbeitspr\u00fcfung Level 1 (IG Working Kelpie)<\/p>\n","protected":false},"author":1,"featured_media":595,"parent":0,"menu_order":0,"comment_status":"closed","ping_status":"closed","template":"","meta":{"ngg_post_thumbnail":0,"footnotes":""},"class_list":["post-189","page","type-page","status-publish","has-post-thumbnail","hentry"],"acf":[],"_links":{"self":[{"href":"https:\/\/x-dogs.eu\/index.php?rest_route=\/wp\/v2\/pages\/189","targetHints":{"allow":["GET"]}}],"collection":[{"href":"https:\/\/x-dogs.eu\/index.php?rest_route=\/wp\/v2\/pages"}],"about":[{"href":"https:\/\/x-dogs.eu\/index.php?rest_route=\/wp\/v2\/types\/page"}],"author":[{"embeddable":true,"href":"https:\/\/x-dogs.eu\/index.php?rest_route=\/wp\/v2\/users\/1"}],"replies":[{"embeddable":true,"href":"https:\/\/x-dogs.eu\/index.php?rest_route=%2Fwp%2Fv2%2Fcomments&post=189"}],"version-history":[{"count":32,"href":"https:\/\/x-dogs.eu\/index.php?rest_route=\/wp\/v2\/pages\/189\/revisions"}],"predecessor-version":[{"id":843,"href":"https:\/\/x-dogs.eu\/index.php?rest_route=\/wp\/v2\/pages\/189\/revisions\/843"}],"wp:featuredmedia":[{"embeddable":true,"href":"https:\/\/x-dogs.eu\/index.php?rest_route=\/wp\/v2\/media\/595"}],"wp:attachment":[{"href":"https:\/\/x-dogs.eu\/index.php?rest_route=%2Fwp%2Fv2%2Fmedia&parent=189"}],"curies":[{"name":"wp","href":"https:\/\/api.w.org\/{rel}","templated":true}]}}