{"id":150,"date":"2015-11-11T12:42:17","date_gmt":"2015-11-11T12:42:17","guid":{"rendered":"http:\/\/x-dogs.eu\/?page_id=150"},"modified":"2025-01-04T09:38:53","modified_gmt":"2025-01-04T09:38:53","slug":"max","status":"publish","type":"page","link":"https:\/\/x-dogs.eu\/?page_id=150","title":{"rendered":"Max"},"content":{"rendered":"<p style=\"text-align: center;\"><img loading=\"lazy\" decoding=\"async\" class=\"alignnone wp-image-830 size-large\" src=\"https:\/\/x-dogs.eu\/wp-content\/uploads\/2019\/02\/0EBBA892-7FC5-41C0-B608-94190254832A-1024x683.jpeg\" alt=\"\" width=\"960\" height=\"640\" srcset=\"https:\/\/x-dogs.eu\/wp-content\/uploads\/2019\/02\/0EBBA892-7FC5-41C0-B608-94190254832A-1024x683.jpeg 1024w, https:\/\/x-dogs.eu\/wp-content\/uploads\/2019\/02\/0EBBA892-7FC5-41C0-B608-94190254832A-300x200.jpeg 300w, https:\/\/x-dogs.eu\/wp-content\/uploads\/2019\/02\/0EBBA892-7FC5-41C0-B608-94190254832A-768x512.jpeg 768w\" sizes=\"auto, (max-width: 960px) 100vw, 960px\" \/><\/p>\n<h2 style=\"text-align: center;\"><b>Moorlands (SD) Mad Max<\/b><\/h2>\n<h4 style=\"text-align: center;\">* 27. August 2011<\/h4>\n<p style=\"text-align: center;\">WKC A3M 2057411 LED (V-A21)&nbsp;&nbsp; und &nbsp; &nbsp;FCI\/VDH 14\/135R00129<\/p>\n<p style=\"text-align: center;\">54 cm, 22 kg<\/p>\n<p style=\"text-align: center;\">laut <a href=\"http:\/\/www.kleintierklinik-lb.de\/\" target=\"_blank\" rel=\"noopener\">Tierklinik Ludwigsburg<\/a> ED-, OCD- LTV\/L\u00dcW und HD-frei,<br \/>\nD-Locus (Dilute Coat Color): D\/D Non-dilute<\/p>\n<p style=\"text-align: center;\">Sport: BH, Obedience Beginner, Agility A3 (erster Start im August 2016)<\/p>\n<p>H\u00fctearbeit: vom Ausbildungsstand k\u00f6nnte er Trialklasse 1 laufen, da er aber gerne selbstst\u00e4ndig und ungern out-off-balance arbeitet ist er nicht der geborene Trialhund \ud83d\ude09 Seine Spezialit\u00e4t ist die Arbeit im Pferch.<\/p>\n<p style=\"text-align: center;\"><iframe loading=\"lazy\" title=\"YouTube video player\" src=\"https:\/\/www.youtube.com\/embed\/1NYGigmruW4?si=1agm_Hrh285CvKsa\" width=\"560\" height=\"315\" frameborder=\"0\" allowfullscreen=\"allowfullscreen\"><\/iframe><\/p>\n<p style=\"text-align: center;\">&nbsp;Mein Max&#8230;ja&#8230;manche machen sich einfach besonders breit im Herzen&#8230;der&nbsp; Seismograph f\u00fcr soziale Angelegenheiten&#8230;der Klugschei\u00dfer&#8230;der Intelligenteste meiner Hunde&#8230;der einem nie etwas krumm nimmt&#8230;immer an meiner Seite ist&#8230;mein Herzst\u00fcck.<\/p>\n<p><a href=\"https:\/\/x-dogs.eu\/wp-content\/uploads\/2019\/03\/2EE8CED0-9EBD-451D-81F1-C6FF3A6C5D7D.jpeg\"><img loading=\"lazy\" decoding=\"async\" class=\"alignnone wp-image-869\" src=\"https:\/\/x-dogs.eu\/wp-content\/uploads\/2019\/03\/2EE8CED0-9EBD-451D-81F1-C6FF3A6C5D7D-1024x683.jpeg\" alt=\"\" width=\"900\" height=\"600\" srcset=\"https:\/\/x-dogs.eu\/wp-content\/uploads\/2019\/03\/2EE8CED0-9EBD-451D-81F1-C6FF3A6C5D7D-1024x683.jpeg 1024w, https:\/\/x-dogs.eu\/wp-content\/uploads\/2019\/03\/2EE8CED0-9EBD-451D-81F1-C6FF3A6C5D7D-300x200.jpeg 300w, https:\/\/x-dogs.eu\/wp-content\/uploads\/2019\/03\/2EE8CED0-9EBD-451D-81F1-C6FF3A6C5D7D-768x512.jpeg 768w\" sizes=\"auto, (max-width: 900px) 100vw, 900px\" \/><\/a><\/p>\n<p style=\"text-align: center;\">Max Hauptaufgabe bei uns war die Arbeit an den Schafen, er hat nur wenige Jahre Agility auf Turnierniveau gemacht, da er mit 11 Monaten einen schweren Unfall hatte, bei dem er sich das Ringband des rechten Ellenbogens gerissen hatte. Dies wurde mit einer Stellschraube, die 6 Wochen im Bein blieb, mit gro\u00dfem Erfolg behandelt. Er kann heute (mittlerweile ist er 12 Jahre alt) v\u00f6llig unbeschwert sein Leben genie\u00dfen und war zu 100% bei den Schafen einsetzbar.<\/p>\n<p style=\"text-align: left;\"><a href=\"https:\/\/x-dogs.eu\/wp-content\/uploads\/2015\/11\/Zuversicht-f\u00fcr-2013.jpg\" target=\"_blank\" rel=\"noopener\"><img loading=\"lazy\" decoding=\"async\" class=\"aligncenter wp-image-290 size-full\" src=\"https:\/\/x-dogs.eu\/wp-content\/uploads\/2015\/11\/Zuversicht-f\u00fcr-2013.jpg\" alt=\"Zuversicht f\u00fcr 2013\" width=\"807\" height=\"413\" srcset=\"https:\/\/x-dogs.eu\/wp-content\/uploads\/2015\/11\/Zuversicht-f\u00fcr-2013.jpg 807w, https:\/\/x-dogs.eu\/wp-content\/uploads\/2015\/11\/Zuversicht-f\u00fcr-2013-300x154.jpg 300w\" sizes=\"auto, (max-width: 807px) 100vw, 807px\" \/><\/a><\/p>\n<p style=\"text-align: center;\"><em>Abstammung:<\/em><\/p>\n<p><a href=\"https:\/\/x-dogs.eu\/wp-content\/uploads\/2019\/03\/97E7DE61-A24F-4F85-AA4B-8EDAA5C56A40.jpeg\"><img loading=\"lazy\" decoding=\"async\" class=\"size-large wp-image-867 aligncenter\" src=\"https:\/\/x-dogs.eu\/wp-content\/uploads\/2019\/03\/97E7DE61-A24F-4F85-AA4B-8EDAA5C56A40-1024x727.jpeg\" alt=\"\" width=\"640\" height=\"454\" srcset=\"https:\/\/x-dogs.eu\/wp-content\/uploads\/2019\/03\/97E7DE61-A24F-4F85-AA4B-8EDAA5C56A40-1024x727.jpeg 1024w, https:\/\/x-dogs.eu\/wp-content\/uploads\/2019\/03\/97E7DE61-A24F-4F85-AA4B-8EDAA5C56A40-300x213.jpeg 300w, https:\/\/x-dogs.eu\/wp-content\/uploads\/2019\/03\/97E7DE61-A24F-4F85-AA4B-8EDAA5C56A40-768x545.jpeg 768w\" sizes=\"auto, (max-width: 640px) 100vw, 640px\" \/><\/a><\/p>\n<p>&nbsp;<\/p>\n<p style=\"text-align: left;\"><strong><em>W\u00fcrfe\/Litter:<\/em><\/strong><\/p>\n<p style=\"text-align: left;\">2013 Maralinga Stud&nbsp;&nbsp; &nbsp; 2H\/5R<br \/>\n2014 Richcreek Stud&nbsp;&nbsp;&nbsp;&nbsp; 3H\/1R<br \/>\n2016 Maralinga Stud&nbsp; &nbsp; 4H\/4R<br \/>\n2016 Woodlands Stud&nbsp; 3H\/1R<br \/>\n2017 Kelmi Stud&nbsp; &nbsp;4H\/4R<\/p>\n","protected":false},"excerpt":{"rendered":"<p>Moorlands (SD) Mad Max * 27. August 2011 WKC A3M 2057411 LED (V-A21)&nbsp;&nbsp; und &nbsp; &nbsp;FCI\/VDH 14\/135R00129 54 cm, 22 kg laut Tierklinik Ludwigsburg ED-, OCD- LTV\/L\u00dcW und HD-frei, D-Locus (Dilute Coat Color): D\/D Non-dilute Sport: BH, Obedience Beginner, Agility A3 (erster Start im August 2016) H\u00fctearbeit: vom Ausbildungsstand k\u00f6nnte er Trialklasse 1 laufen, da er aber gerne selbstst\u00e4ndig und ungern out-off-balance arbeitet ist er nicht der geborene Trialhund \ud83d\ude09 Seine Spezialit\u00e4t ist die Arbeit im Pferch. &nbsp;Mein Max&#8230;ja&#8230;manche machen sich einfach besonders breit im Herzen&#8230;der&nbsp; Seismograph f\u00fcr soziale Angelegenheiten&#8230;der Klugschei\u00dfer&#8230;der Intelligenteste meiner Hunde&#8230;der einem nie etwas krumm nimmt&#8230;immer an meiner Seite ist&#8230;mein Herzst\u00fcck. Max Hauptaufgabe bei uns war die Arbeit an den Schafen, er hat nur wenige Jahre Agility auf Turnierniveau gemacht, da er mit 11 Monaten einen schweren Unfall hatte, bei dem er sich das Ringband des rechten Ellenbogens gerissen hatte. Dies wurde mit einer Stellschraube, die 6 Wochen im Bein blieb, mit gro\u00dfem Erfolg behandelt. Er kann heute (mittlerweile ist er 12 Jahre alt) v\u00f6llig unbeschwert sein Leben genie\u00dfen und war zu 100% bei den Schafen einsetzbar. Abstammung: &nbsp; W\u00fcrfe\/Litter: 2013 Maralinga Stud&nbsp;&nbsp; &nbsp; 2H\/5R 2014 Richcreek Stud&nbsp;&nbsp;&nbsp;&nbsp; 3H\/1R 2016 Maralinga Stud&nbsp; &nbsp; 4H\/4R 2016 Woodlands Stud&nbsp; 3H\/1R 2017 Kelmi Stud&nbsp; &nbsp;4H\/4R<\/p>\n","protected":false},"author":1,"featured_media":0,"parent":0,"menu_order":0,"comment_status":"closed","ping_status":"closed","template":"","meta":{"ngg_post_thumbnail":0,"footnotes":""},"class_list":["post-150","page","type-page","status-publish","hentry"],"acf":[],"_links":{"self":[{"href":"https:\/\/x-dogs.eu\/index.php?rest_route=\/wp\/v2\/pages\/150","targetHints":{"allow":["GET"]}}],"collection":[{"href":"https:\/\/x-dogs.eu\/index.php?rest_route=\/wp\/v2\/pages"}],"about":[{"href":"https:\/\/x-dogs.eu\/index.php?rest_route=\/wp\/v2\/types\/page"}],"author":[{"embeddable":true,"href":"https:\/\/x-dogs.eu\/index.php?rest_route=\/wp\/v2\/users\/1"}],"replies":[{"embeddable":true,"href":"https:\/\/x-dogs.eu\/index.php?rest_route=%2Fwp%2Fv2%2Fcomments&post=150"}],"version-history":[{"count":38,"href":"https:\/\/x-dogs.eu\/index.php?rest_route=\/wp\/v2\/pages\/150\/revisions"}],"predecessor-version":[{"id":1695,"href":"https:\/\/x-dogs.eu\/index.php?rest_route=\/wp\/v2\/pages\/150\/revisions\/1695"}],"wp:attachment":[{"href":"https:\/\/x-dogs.eu\/index.php?rest_route=%2Fwp%2Fv2%2Fmedia&parent=150"}],"curies":[{"name":"wp","href":"https:\/\/api.w.org\/{rel}","templated":true}]}}