{"id":1383,"date":"2024-01-23T21:02:11","date_gmt":"2024-01-23T21:02:11","guid":{"rendered":"https:\/\/x-dogs.eu\/?page_id=1383"},"modified":"2024-09-27T05:01:56","modified_gmt":"2024-09-27T05:01:56","slug":"seminare","status":"publish","type":"page","link":"https:\/\/x-dogs.eu\/?page_id=1383","title":{"rendered":"Seminare"},"content":{"rendered":"<p style=\"text-align: center;\"><b><u>Besuchte Seminare\/Vortr\u00e4ge im Bereich Kynologie\/H\u00fcten\/Hundesport:<\/u><\/b><\/p>\n<p style=\"text-align: center;\"><strong>2024<\/strong><\/p>\n<p style=\"text-align: center;\">-Agility-Intensivtraining mit Tobias W\u00fcst<\/p>\n<p style=\"text-align: center;\">&#8211; Agility-Seminar mit Mona Grefenstein und Sabine Kreutz<\/p>\n<p style=\"text-align: center;\"><strong>2023<\/strong><\/p>\n<p style=\"text-align: center;\">&#8211; Vortrag &#8222;Impulskontrolle&#8220; (Dipl. CABT (coape) Rolf . Franck)<br \/>\n&#8211; H\u00fcteseminar mit Jakub Jasa (Tschechien)<br \/>\n&#8211; Agility-Seminar mit Linda K\u00f6hler<\/p>\n<p style=\"text-align: center;\"><strong>2020<\/strong><br \/>\n&#8211; H\u00fcteworkshop mit Anke Wulfes<br \/>\n&#8211; H\u00fcteseminar mit Con McGarry (Irland)<br \/>\n&#8211; Webinar HarmoniLogie mit Anne Kr\u00fcger-Degener<\/p>\n<p style=\"text-align: center;\"><strong>2019<\/strong><br \/>\n&#8211; H\u00fcteworkshop mit Felix Hohmeyer<br \/>\n&#8211; H\u00fcteseminar mit Garry White (Australien)<br \/>\n&#8211; H\u00fcteseminar mit Alun Jones (Wales)<\/p>\n<p style=\"text-align: center;\"><strong>2017<\/strong><br \/>\n&#8211; H\u00fcteseminar mit Simon Leaning (Australien)<br \/>\n&#8211; H\u00fcteseminar mit Alun Jones (Wales)<\/p>\n<p style=\"text-align: center;\"><strong>2016<\/strong><br \/>\n&#8211; Januar: Agility-Seminar bei Tobias W\u00fcst<br \/>\n&#8211; Mai: Agility Seminar mit Tobias W\u00fcst und Daniel Schr\u00f6der<br \/>\n&#8211; September: Agility Seminar mit Nick Koch<br \/>\n&#8211; Oktober: H\u00fcten mit Alun Jones (Wales)<\/p>\n<p style=\"text-align: center;\"><strong>2015<\/strong><br \/>\n&#8211; Mai: Agility-Seminar bei Tobias W\u00fcst und Daniel Schr\u00f6der<br \/>\n&#8211; Oktober: H\u00fcten mit Alun Jones (Wales)<\/p>\n<p style=\"text-align: center;\"><strong>2014<\/strong><br \/>\n&#8211; 2 Agility-Seminare mit Daniel Schr\u00f6der und Tobias W\u00fcst<br \/>\n&#8211; 3 H\u00fcte-Seminare mit Alun Jones (Wales)<\/p>\n<p style=\"text-align: center;\"><strong>2013<\/strong><br \/>\n&#8211; 2 Agility-Seminare mit Daniel Schr\u00f6der und Tobias W\u00fcst<br \/>\n&#8211; 2 H\u00fcte-Seminare mit Alun Jones (Wales)<\/p>\n<p style=\"text-align: center;\"><strong>2012<\/strong><br \/>\n&#8211; Agility-Seminar mit Marita Baumann (GER)<br \/>\n&#8211; Agility-Seminar mit Kriszta Kabai (GER)<br \/>\n&#8211; H\u00fcte-Seminar mit Simon Leaning (AUS)<br \/>\n&#8211; Obedience-Seminar mit Riitta Jantunen-Korri und Pekka Korri (FIN)<br \/>\n&#8211; Agility-Seminar mit Dave Munnings und Sian Illingworth (GB)<\/p>\n<p style=\"text-align: center;\"><strong>2011<\/strong><br \/>\n&#8211; Agility-Seminar mit Lee Gibson (GBR)<br \/>\n&#8211; Agility-Seminar mit Marita Baumann (GER)<br \/>\n&#8211; Agility-Seminar mit Alex Beitl, Kriszta Kabai und Sonja V\u00f6lker (GER)<br \/>\n&#8211; Agility-Seminar mit Sabine Zepf und Hinky Nickels (GER)<br \/>\n&#8211; H\u00fcte-Seminar mit Simon Leaning (AU)<br \/>\n&#8211; H\u00fcte-Seminar mit Uta Reichenbach (GER)<\/p>\n<p style=\"text-align: center;\"><strong>2010<\/strong><br \/>\n&#8211; Agility-Seminar mit Alex Beitl, Kriszta Kabai und Sonja V\u00f6lker<br \/>\n&#8211; Agility-Seminar mit Kriszta Kabai<br \/>\n&#8211; Agility-Seminar mit Nigel Stains und Mark Douglas<br \/>\n&#8211; Agility-Seminar mit Sabine Zepf<\/p>\n<p style=\"text-align: center;\"><strong>2009<\/strong><br \/>\n&#8211; Agility-Seminar mit Erwin Metzler (AUT) in Haag<br \/>\n&#8211; Agility-Seminar mit Alex Beitl, Kriszta Kabai und Sonja V\u00f6lker (GER)<br \/>\n&#8211; Agility-Seminar mit Marita Baumann (GER)<\/p>\n<p style=\"text-align: center;\"><strong>2008<\/strong><br \/>\n&#8211; Agility-Seminar f\u00fcr Kelpies mit Erwin Metzler (\u00d6)<br \/>\n&#8211; Agility-Seminar mit Alex Beitl und Sonja V\u00f6lker (GER)<\/p>\n<p style=\"text-align: center;\"><strong>2006<\/strong><br \/>\n&#8211; Obedience Seminar mit Heidi Bilkvam (Schweden)<\/p>\n<p style=\"text-align: center;\"><strong>2005<\/strong><br \/>\n&#8211; Obedience Seminar mit Johann Kurzbauer (A)<br \/>\n&#8211; Vortrag Alltag mit Hund von Martin R\u00fctter (GER)<br \/>\n&#8211; Clickertraining im Obedience mit Birgit Laser (GER)<\/p>\n<p style=\"text-align: center;\"><strong>2004<\/strong><br \/>\n&#8211; Clickertraining und Stress bei Hunden mit Dorothee Schneider, Sylvia Peter und Martina Nagel<br \/>\n&#8211; Clickertraining und Mentaltraining im Hundesport<br \/>\n&#8211; Obedience Seminar mit Ursi Schmid<br \/>\n&#8211; Anti-Jagd-Seminar mit Dr. Barbara Sch\u00f6ning<\/p>\n<p style=\"text-align: center;\"><strong>2003<\/strong><br \/>\n&#8211; Agility Seminar mit Dagmar Kimmig und Heidi Zahn<br \/>\n&#8211; Agility Seminar mit Alexander Beitl<br \/>\n&#8211; Agility Seminar Rolf C. Frank<br \/>\n&#8211; Seminar \u201ccalming signals\u201d<\/p>\n","protected":false},"excerpt":{"rendered":"<p>Besuchte Seminare\/Vortr\u00e4ge im Bereich Kynologie\/H\u00fcten\/Hundesport: 2024 -Agility-Intensivtraining mit Tobias W\u00fcst &#8211; Agility-Seminar mit Mona Grefenstein und Sabine Kreutz 2023 &#8211; Vortrag &#8222;Impulskontrolle&#8220; (Dipl. CABT (coape) Rolf . Franck) &#8211; H\u00fcteseminar mit Jakub Jasa (Tschechien) &#8211; Agility-Seminar mit Linda K\u00f6hler 2020 &#8211; H\u00fcteworkshop mit Anke Wulfes &#8211; H\u00fcteseminar mit Con McGarry (Irland) &#8211; Webinar HarmoniLogie mit Anne Kr\u00fcger-Degener 2019 &#8211; H\u00fcteworkshop mit Felix Hohmeyer &#8211; H\u00fcteseminar mit Garry White (Australien) &#8211; H\u00fcteseminar mit Alun Jones (Wales) 2017 &#8211; H\u00fcteseminar mit Simon Leaning (Australien) &#8211; H\u00fcteseminar mit Alun Jones (Wales) 2016 &#8211; Januar: Agility-Seminar bei Tobias W\u00fcst &#8211; Mai: Agility Seminar mit Tobias W\u00fcst und Daniel Schr\u00f6der &#8211; September: Agility Seminar mit Nick Koch &#8211; Oktober: H\u00fcten mit Alun Jones (Wales) 2015 &#8211; Mai: Agility-Seminar bei Tobias W\u00fcst und Daniel Schr\u00f6der &#8211; Oktober: H\u00fcten mit Alun Jones (Wales) 2014 &#8211; 2 Agility-Seminare mit Daniel Schr\u00f6der und Tobias W\u00fcst &#8211; 3 H\u00fcte-Seminare mit Alun Jones (Wales) 2013 &#8211; 2 Agility-Seminare mit Daniel Schr\u00f6der und Tobias W\u00fcst &#8211; 2 H\u00fcte-Seminare mit Alun Jones (Wales) 2012 &#8211; Agility-Seminar mit Marita Baumann (GER) &#8211; Agility-Seminar mit Kriszta Kabai (GER) &#8211; H\u00fcte-Seminar mit Simon Leaning (AUS) &#8211; Obedience-Seminar mit Riitta Jantunen-Korri und Pekka Korri (FIN) &#8211; Agility-Seminar mit Dave Munnings und Sian Illingworth (GB) 2011 &#8211; Agility-Seminar mit Lee Gibson (GBR) &#8211; Agility-Seminar mit Marita Baumann (GER) &#8211; Agility-Seminar mit Alex Beitl, Kriszta Kabai und Sonja V\u00f6lker (GER) &#8211; Agility-Seminar mit Sabine Zepf und Hinky Nickels (GER) &#8211; H\u00fcte-Seminar mit Simon Leaning (AU) &#8211; H\u00fcte-Seminar mit Uta Reichenbach (GER) 2010 &#8211; Agility-Seminar mit Alex Beitl, Kriszta Kabai und Sonja V\u00f6lker &#8211; Agility-Seminar mit Kriszta Kabai &#8211; Agility-Seminar mit Nigel Stains und Mark Douglas &#8211; Agility-Seminar mit Sabine Zepf 2009 &#8211; Agility-Seminar mit Erwin Metzler (AUT) in Haag &#8211; Agility-Seminar mit Alex Beitl, Kriszta Kabai und Sonja V\u00f6lker (GER) &#8211; Agility-Seminar mit Marita Baumann (GER) 2008 &#8211; Agility-Seminar f\u00fcr Kelpies mit Erwin Metzler (\u00d6) &#8211; Agility-Seminar mit Alex Beitl und Sonja V\u00f6lker (GER) 2006 &#8211; Obedience Seminar mit Heidi Bilkvam (Schweden) 2005 &#8211; Obedience Seminar mit Johann Kurzbauer (A) &#8211; Vortrag Alltag mit Hund von Martin R\u00fctter (GER) &#8211; Clickertraining im Obedience mit Birgit Laser (GER) 2004 &#8211; Clickertraining und Stress bei Hunden mit Dorothee Schneider, Sylvia Peter und Martina Nagel &#8211; Clickertraining und Mentaltraining im Hundesport &#8211; Obedience Seminar mit Ursi Schmid &#8211; Anti-Jagd-Seminar mit Dr. Barbara Sch\u00f6ning 2003 &#8211; Agility Seminar mit Dagmar Kimmig und Heidi Zahn &#8211; Agility Seminar mit Alexander Beitl &#8211; Agility Seminar Rolf C. Frank &#8211; Seminar \u201ccalming signals\u201d<\/p>\n","protected":false},"author":1,"featured_media":0,"parent":0,"menu_order":0,"comment_status":"closed","ping_status":"closed","template":"","meta":{"ngg_post_thumbnail":0,"footnotes":""},"class_list":["post-1383","page","type-page","status-publish","hentry"],"acf":[],"_links":{"self":[{"href":"https:\/\/x-dogs.eu\/index.php?rest_route=\/wp\/v2\/pages\/1383","targetHints":{"allow":["GET"]}}],"collection":[{"href":"https:\/\/x-dogs.eu\/index.php?rest_route=\/wp\/v2\/pages"}],"about":[{"href":"https:\/\/x-dogs.eu\/index.php?rest_route=\/wp\/v2\/types\/page"}],"author":[{"embeddable":true,"href":"https:\/\/x-dogs.eu\/index.php?rest_route=\/wp\/v2\/users\/1"}],"replies":[{"embeddable":true,"href":"https:\/\/x-dogs.eu\/index.php?rest_route=%2Fwp%2Fv2%2Fcomments&post=1383"}],"version-history":[{"count":6,"href":"https:\/\/x-dogs.eu\/index.php?rest_route=\/wp\/v2\/pages\/1383\/revisions"}],"predecessor-version":[{"id":1649,"href":"https:\/\/x-dogs.eu\/index.php?rest_route=\/wp\/v2\/pages\/1383\/revisions\/1649"}],"wp:attachment":[{"href":"https:\/\/x-dogs.eu\/index.php?rest_route=%2Fwp%2Fv2%2Fmedia&parent=1383"}],"curies":[{"name":"wp","href":"https:\/\/api.w.org\/{rel}","templated":true}]}}